{"id":944,"date":"2022-09-13T09:46:19","date_gmt":"2022-09-13T08:46:19","guid":{"rendered":"http:\/\/web.imaginaingenio.com\/a-nossa-historia"},"modified":"2022-09-28T15:37:09","modified_gmt":"2022-09-28T14:37:09","slug":"a-nossa-historia","status":"publish","type":"page","link":"https:\/\/www.imaginaingenio.com\/pt-pt\/a-nossa-historia\/","title":{"rendered":"A nossa hist\u00f3ria"},"content":{"rendered":"\t\t<div data-elementor-type=\"wp-page\" data-elementor-id=\"944\" class=\"elementor elementor-944 elementor-375\">\n\t\t\t\t\t\t<section class=\"elementor-section elementor-top-section elementor-element elementor-element-55bf38af elementor-section-full_width elementor-section-height-min-height elementor-section-items-stretch elementor-section-content-middle elementor-reverse-tablet elementor-section-height-default\" data-id=\"55bf38af\" data-element_type=\"section\">\n\t\t\t\t\t\t<div class=\"elementor-container elementor-column-gap-no\">\n\t\t\t\t\t<div class=\"elementor-column elementor-col-50 elementor-top-column elementor-element elementor-element-c80e78c\" data-id=\"c80e78c\" data-element_type=\"column\">\n\t\t\t<div class=\"elementor-widget-wrap elementor-element-populated\">\n\t\t\t\t\t\t<div class=\"elementor-element elementor-element-1f6f79e5 elementor-widget elementor-widget-heading\" data-id=\"1f6f79e5\" data-element_type=\"widget\" data-widget_type=\"heading.default\">\n\t\t\t\t<div class=\"elementor-widget-container\">\n\t\t\t\t\t<p class=\"elementor-heading-title elementor-size-default\">A nossa hist\u00f3ria<\/p>\t\t\t\t<\/div>\n\t\t\t\t<\/div>\n\t\t\t\t<div class=\"elementor-element elementor-element-b38a4a5 elementor-widget elementor-widget-heading\" data-id=\"b38a4a5\" data-element_type=\"widget\" data-widget_type=\"heading.default\">\n\t\t\t\t<div class=\"elementor-widget-container\">\n\t\t\t\t\t<h1 class=\"elementor-heading-title elementor-size-default\">Especialista em desenvolvimento de software e hardware desde 2011. <\/h1>\t\t\t\t<\/div>\n\t\t\t\t<\/div>\n\t\t\t\t<div class=\"elementor-element elementor-element-3540bf25 elementor-widget elementor-widget-text-editor\" data-id=\"3540bf25\" data-element_type=\"widget\" data-widget_type=\"text-editor.default\">\n\t\t\t\t<div class=\"elementor-widget-container\">\n\t\t\t\t\t\t\t\t\t<p>Somos uma empresa especializada no desenvolvimento de software e hardware orientado para sistemas de telemetria, IoT, sistemas de pagamento e controlos de acesso.<\/p>\t\t\t\t\t\t\t\t<\/div>\n\t\t\t\t<\/div>\n\t\t\t\t\t<\/div>\n\t\t<\/div>\n\t\t\t\t<div class=\"elementor-column elementor-col-50 elementor-top-column elementor-element elementor-element-5fcbe99f\" data-id=\"5fcbe99f\" data-element_type=\"column\" data-settings=\"{&quot;background_background&quot;:&quot;classic&quot;}\">\n\t\t\t<div class=\"elementor-widget-wrap elementor-element-populated\">\n\t\t\t\t\t\t<div class=\"elementor-element elementor-element-3a26faf7 elementor-widget elementor-widget-spacer\" data-id=\"3a26faf7\" data-element_type=\"widget\" data-widget_type=\"spacer.default\">\n\t\t\t\t<div class=\"elementor-widget-container\">\n\t\t\t\t\t\t\t<div class=\"elementor-spacer\">\n\t\t\t<div class=\"elementor-spacer-inner\"><\/div>\n\t\t<\/div>\n\t\t\t\t\t\t<\/div>\n\t\t\t\t<\/div>\n\t\t\t\t\t<\/div>\n\t\t<\/div>\n\t\t\t\t\t<\/div>\n\t\t<\/section>\n\t\t\t\t<section class=\"elementor-section elementor-top-section elementor-element elementor-element-42edc704 elementor-section-height-min-height elementor-section-content-middle elementor-section-boxed elementor-section-height-default elementor-section-items-middle\" data-id=\"42edc704\" data-element_type=\"section\" data-settings=\"{&quot;background_background&quot;:&quot;classic&quot;}\">\n\t\t\t\t\t\t<div class=\"elementor-container elementor-column-gap-no\">\n\t\t\t\t\t<div class=\"elementor-column elementor-col-100 elementor-top-column elementor-element elementor-element-71d7d3c4\" data-id=\"71d7d3c4\" data-element_type=\"column\">\n\t\t\t<div class=\"elementor-widget-wrap elementor-element-populated\">\n\t\t\t\t\t\t<div class=\"elementor-element elementor-element-30304826 elementor-view-default elementor-widget elementor-widget-icon\" data-id=\"30304826\" data-element_type=\"widget\" data-widget_type=\"icon.default\">\n\t\t\t\t<div class=\"elementor-widget-container\">\n\t\t\t\t\t\t\t<div class=\"elementor-icon-wrapper\">\n\t\t\t<div class=\"elementor-icon\">\n\t\t\t<svg xmlns=\"http:\/\/www.w3.org\/2000\/svg\" id=\"a4a99671-1fc3-4568-98bf-7fc5746e910a\" data-name=\"Layer 1\" width=\"114\" height=\"79\" viewBox=\"0 0 114 79\"><polygon points=\"32.677 0 0 78.265 36.391 78.265 57.928 0 32.677 0\"><\/polygon><polygon points=\"88.749 0.735 56.072 79 92.463 79 114 0.735 88.749 0.735\"><\/polygon><\/svg>\t\t\t<\/div>\n\t\t<\/div>\n\t\t\t\t\t\t<\/div>\n\t\t\t\t<\/div>\n\t\t\t\t<div class=\"elementor-element elementor-element-76a7e10d elementor-blockquote--skin-clean elementor-blockquote--align-center elementor-blockquote--button-color-official elementor-widget elementor-widget-blockquote\" data-id=\"76a7e10d\" data-element_type=\"widget\" data-widget_type=\"blockquote.default\">\n\t\t\t\t<div class=\"elementor-widget-container\">\n\t\t\t\t\t\t\t<blockquote class=\"elementor-blockquote\">\n\t\t\t<p class=\"elementor-blockquote__content\">\n\t\t\t\tTalento que activa a intelig\u00eancia e a imagina\u00e7\u00e3o\t\t\t<\/p>\n\t\t\t\t\t\t\t<div class=\"e-q-footer\">\n\t\t\t\t\t\t\t\t\t\t\t<cite class=\"elementor-blockquote__author\">Imagina Ingenio<\/cite>\n\t\t\t\t\t\t\t\t\t\t\t\t\t\t<\/div>\n\t\t\t\t\t<\/blockquote>\n\t\t\t\t\t\t<\/div>\n\t\t\t\t<\/div>\n\t\t\t\t\t<\/div>\n\t\t<\/div>\n\t\t\t\t\t<\/div>\n\t\t<\/section>\n\t\t\t\t<section class=\"elementor-section elementor-top-section elementor-element elementor-element-770f5fe0 elementor-section-boxed elementor-section-height-default elementor-section-height-default\" data-id=\"770f5fe0\" data-element_type=\"section\">\n\t\t\t\t\t\t<div class=\"elementor-container elementor-column-gap-default\">\n\t\t\t\t\t<div class=\"elementor-column elementor-col-100 elementor-top-column elementor-element elementor-element-3d07143e\" data-id=\"3d07143e\" data-element_type=\"column\">\n\t\t\t<div class=\"elementor-widget-wrap elementor-element-populated\">\n\t\t\t\t\t\t<div class=\"elementor-element elementor-element-53a49b6e elementor-widget elementor-widget-timeline-widget-addon\" data-id=\"53a49b6e\" data-element_type=\"widget\" data-widget_type=\"timeline-widget-addon.default\">\n\t\t\t\t<div class=\"elementor-widget-container\">\n\t\t\t\t\t<!-- ========= Timeline Widget Addon For Elementor 1.6.14 ========= -->\n<div id=\"twae-wrapper-53a49b6e\" class=\"twae-vertical twae-wrapper  twae-both-sided\">   \n    <div class=\"twae-start\"><\/div>    \n    <div id=\"twea-timeline-53a49b6e\" class=\"twae-timeline\" ><!-- Start of Story Repeater Content --><div id=\"story-79938d6\" class=\"twae-story twae-repeater-item twae-story-right twae-story-no-icon\"><!-- Story Label --><div class=\"twae-labels\"><div class=\"twae-label-big\">2011<\/div><div class=\"twae-label-small\">Nace Imagina Ingenio<\/div><\/div><!-- Story Icon --><div class=\"twae-icon\"><i aria-hidden=\"true\" class=\"far fa-clock\"><\/i><\/div><!-- Story Arrow --><div class=\"twae-arrow\"><\/div><!-- Start of Story Content --><div class=\"twae-content\"><!-- Story Title --><div class=\"twae-title\">Fundaci\u00f3n<\/div><!-- Story Description --><div class=\"twae-description\"><p>Se crea la empresa como desarrolladora de sistemas de telemetr\u00eda.<\/p><\/div><\/div><\/div><!-- Start of Story Repeater Content --><div id=\"story-5cb331a\" class=\"twae-story twae-repeater-item twae-story-left twae-story-no-icon\"><!-- Story Label --><div class=\"twae-labels\"><div class=\"twae-label-big\">2012<\/div><div class=\"twae-label-small\">Nace SIGIMA<\/div><\/div><!-- Story Icon --><div class=\"twae-icon\"><i aria-hidden=\"true\" class=\"far fa-clock\"><\/i><\/div><!-- Story Arrow --><div class=\"twae-arrow\"><\/div><!-- Start of Story Content --><div class=\"twae-content\"><!-- Story Title --><div class=\"twae-title\">SIGIMA<\/div><!-- Story Description --><div class=\"twae-description\"><p>Comercializaci\u00f3n del primer sistema de telemetr\u00eda para vending basado en GPRS.<\/p><\/div><\/div><\/div><!-- Start of Story Repeater Content --><div id=\"story-068b124\" class=\"twae-story twae-repeater-item twae-story-right twae-story-no-icon\"><!-- Story Label --><div class=\"twae-labels\"><div class=\"twae-label-big\">2014<\/div><div class=\"twae-label-small\">Nace MIVENDING<\/div><\/div><!-- Story Icon --><div class=\"twae-icon\"><i aria-hidden=\"true\" class=\"far fa-clock\"><\/i><\/div><!-- Story Arrow --><div class=\"twae-arrow\"><\/div><!-- Start of Story Content --><div class=\"twae-content\"><!-- Story Title --><div class=\"twae-title\">MIVENDING<\/div><!-- Story Description --><div class=\"twae-description\"><p>Nuevo Sistema de telemetr\u00eda para vending con App, Web y conectividad bluetooth.<\/p><\/div><\/div><\/div><!-- Start of Story Repeater Content --><div id=\"story-10f8cfa\" class=\"twae-story twae-repeater-item twae-story-left twae-story-no-icon\"><!-- Story Label --><div class=\"twae-labels\"><div class=\"twae-label-big\">2016<\/div><div class=\"twae-label-small\">TPV<\/div><\/div><!-- Story Icon --><div class=\"twae-icon\"><i aria-hidden=\"true\" class=\"far fa-clock\"><\/i><\/div><!-- Story Arrow --><div class=\"twae-arrow\"><\/div><!-- Start of Story Content --><div class=\"twae-content\"><!-- Story Title --><div class=\"twae-title\">TPV<\/div><!-- Story Description --><div class=\"twae-description\"><p>Incorporaci\u00f3n de pagos mediante TPV a sistemas vending y pago desde App.<\/p><\/div><\/div><\/div><!-- Start of Story Repeater Content --><div id=\"story-33795dc\" class=\"twae-story twae-repeater-item twae-story-right twae-story-no-icon\"><!-- Story Label --><div class=\"twae-labels\"><div class=\"twae-label-big\">2018<\/div><div class=\"twae-label-small\">Desarrollo de IOT<\/div><\/div><!-- Story Icon --><div class=\"twae-icon\"><i aria-hidden=\"true\" class=\"far fa-clock\"><\/i><\/div><!-- Story Arrow --><div class=\"twae-arrow\"><\/div><!-- Start of Story Content --><div class=\"twae-content\"><!-- Story Title --><div class=\"twae-title\">IOT<\/div><!-- Story Description --><div class=\"twae-description\"><p>Dise\u00f1o y fabricaci\u00f3n de nuevos dispositivos 5G para SmartCities.<\/p><\/div><\/div><\/div><!-- Start of Story Repeater Content --><div id=\"story-5eb2080\" class=\"twae-story twae-repeater-item twae-story-left twae-story-no-icon\"><!-- Story Label --><div class=\"twae-labels\"><div class=\"twae-label-big\">2022<\/div><div class=\"twae-label-small\">Desarrollo de pago remoto con smartphone<\/div><\/div><!-- Story Icon --><div class=\"twae-icon\"><i aria-hidden=\"true\" class=\"far fa-clock\"><\/i><\/div><!-- Story Arrow --><div class=\"twae-arrow\"><\/div><!-- Start of Story Content --><div class=\"twae-content\"><!-- Story Title --><div class=\"twae-title\">Pago remoto con smartphone<\/div><!-- Story Description --><div class=\"twae-description\"><p>Nuevo Sistema de pago remoto con smartphone.<\/p><\/div><\/div><\/div><\/div>\n    <div class=\"twae-end\"><\/div>\n    <\/div><style type=\"text\/css\">@media (max-width: 1024px){ .twae-wrapper{--tw-ybx-size: 80px !important;}}@media (max-width: 767px){ .twae-wrapper{--tw-ybx-size: 80px !important}}<\/style>\t\t\t\t<\/div>\n\t\t\t\t<\/div>\n\t\t\t\t\t<\/div>\n\t\t<\/div>\n\t\t\t\t\t<\/div>\n\t\t<\/section>\n\t\t\t\t<\/div>\n\t\t","protected":false},"excerpt":{"rendered":"<p>A nossa hist\u00f3ria Especialista em desenvolvimento de software e hardware desde 2011. Somos uma empresa especializada no desenvolvimento de software e hardware orientado para sistemas de telemetria, IoT, sistemas de pagamento e controlos de acesso. Talento que activa a intelig\u00eancia e a imagina\u00e7\u00e3o Imagina Ingenio 2011Nace Imagina IngenioFundaci\u00f3n Se crea la empresa como desarrolladora de [&hellip;]<\/p>\n","protected":false},"author":1,"featured_media":0,"parent":0,"menu_order":0,"comment_status":"closed","ping_status":"closed","template":"elementor_header_footer","meta":{"footnotes":""},"class_list":["post-944","page","type-page","status-publish","hentry"],"yoast_head":"<!-- This site is optimized with the Yoast SEO plugin v26.4 - https:\/\/yoast.com\/wordpress\/plugins\/seo\/ -->\n<title>A nossa hist\u00f3ria - Imagina Ingenio<\/title>\n<meta name=\"robots\" content=\"index, follow, max-snippet:-1, max-image-preview:large, max-video-preview:-1\" \/>\n<link rel=\"canonical\" href=\"https:\/\/www.imaginaingenio.com\/pt-pt\/a-nossa-historia\/\" \/>\n<meta property=\"og:locale\" content=\"pt_PT\" \/>\n<meta property=\"og:type\" content=\"article\" \/>\n<meta property=\"og:title\" content=\"A nossa hist\u00f3ria - Imagina Ingenio\" \/>\n<meta property=\"og:description\" content=\"A nossa hist\u00f3ria Especialista em desenvolvimento de software e hardware desde 2011. Somos uma empresa especializada no desenvolvimento de software e hardware orientado para sistemas de telemetria, IoT, sistemas de pagamento e controlos de acesso. Talento que activa a intelig\u00eancia e a imagina\u00e7\u00e3o Imagina Ingenio 2011Nace Imagina IngenioFundaci\u00f3n Se crea la empresa como desarrolladora de [&hellip;]\" \/>\n<meta property=\"og:url\" content=\"https:\/\/www.imaginaingenio.com\/pt-pt\/a-nossa-historia\/\" \/>\n<meta property=\"og:site_name\" content=\"Imagina Ingenio\" \/>\n<meta property=\"article:publisher\" content=\"https:\/\/www.facebook.com\/imaginaingenio\/\" \/>\n<meta property=\"article:modified_time\" content=\"2022-09-28T14:37:09+00:00\" \/>\n<meta name=\"twitter:card\" content=\"summary_large_image\" \/>\n<meta name=\"twitter:label1\" content=\"Tempo estimado de leitura\" \/>\n\t<meta name=\"twitter:data1\" content=\"1 minuto\" \/>\n<script type=\"application\/ld+json\" class=\"yoast-schema-graph\">{\"@context\":\"https:\/\/schema.org\",\"@graph\":[{\"@type\":\"WebPage\",\"@id\":\"https:\/\/www.imaginaingenio.com\/pt-pt\/a-nossa-historia\/\",\"url\":\"https:\/\/www.imaginaingenio.com\/pt-pt\/a-nossa-historia\/\",\"name\":\"A nossa hist\u00f3ria - Imagina Ingenio\",\"isPartOf\":{\"@id\":\"https:\/\/www.imaginaingenio.com\/pt-pt\/#website\"},\"datePublished\":\"2022-09-13T08:46:19+00:00\",\"dateModified\":\"2022-09-28T14:37:09+00:00\",\"breadcrumb\":{\"@id\":\"https:\/\/www.imaginaingenio.com\/pt-pt\/a-nossa-historia\/#breadcrumb\"},\"inLanguage\":\"pt-PT\",\"potentialAction\":[{\"@type\":\"ReadAction\",\"target\":[\"https:\/\/www.imaginaingenio.com\/pt-pt\/a-nossa-historia\/\"]}]},{\"@type\":\"BreadcrumbList\",\"@id\":\"https:\/\/www.imaginaingenio.com\/pt-pt\/a-nossa-historia\/#breadcrumb\",\"itemListElement\":[{\"@type\":\"ListItem\",\"position\":1,\"name\":\"Portada\",\"item\":\"https:\/\/www.imaginaingenio.com\/pt-pt\/\"},{\"@type\":\"ListItem\",\"position\":2,\"name\":\"A nossa hist\u00f3ria\"}]},{\"@type\":\"WebSite\",\"@id\":\"https:\/\/www.imaginaingenio.com\/pt-pt\/#website\",\"url\":\"https:\/\/www.imaginaingenio.com\/pt-pt\/\",\"name\":\"Imagina Ingenio\",\"description\":\"Desarrollo de software y hardware\",\"publisher\":{\"@id\":\"https:\/\/www.imaginaingenio.com\/pt-pt\/#organization\"},\"potentialAction\":[{\"@type\":\"SearchAction\",\"target\":{\"@type\":\"EntryPoint\",\"urlTemplate\":\"https:\/\/www.imaginaingenio.com\/pt-pt\/?s={search_term_string}\"},\"query-input\":{\"@type\":\"PropertyValueSpecification\",\"valueRequired\":true,\"valueName\":\"search_term_string\"}}],\"inLanguage\":\"pt-PT\"},{\"@type\":\"Organization\",\"@id\":\"https:\/\/www.imaginaingenio.com\/pt-pt\/#organization\",\"name\":\"Imagina Ingenio\",\"url\":\"https:\/\/www.imaginaingenio.com\/pt-pt\/\",\"logo\":{\"@type\":\"ImageObject\",\"inLanguage\":\"pt-PT\",\"@id\":\"https:\/\/www.imaginaingenio.com\/pt-pt\/#\/schema\/logo\/image\/\",\"url\":\"\",\"contentUrl\":\"\",\"caption\":\"Imagina Ingenio\"},\"image\":{\"@id\":\"https:\/\/www.imaginaingenio.com\/pt-pt\/#\/schema\/logo\/image\/\"},\"sameAs\":[\"https:\/\/www.facebook.com\/imaginaingenio\/\",\"https:\/\/es.linkedin.com\/company\/imaginaingenio\"]}]}<\/script>\n<!-- \/ Yoast SEO plugin. -->","yoast_head_json":{"title":"A nossa hist\u00f3ria - Imagina Ingenio","robots":{"index":"index","follow":"follow","max-snippet":"max-snippet:-1","max-image-preview":"max-image-preview:large","max-video-preview":"max-video-preview:-1"},"canonical":"https:\/\/www.imaginaingenio.com\/pt-pt\/a-nossa-historia\/","og_locale":"pt_PT","og_type":"article","og_title":"A nossa hist\u00f3ria - Imagina Ingenio","og_description":"A nossa hist\u00f3ria Especialista em desenvolvimento de software e hardware desde 2011. Somos uma empresa especializada no desenvolvimento de software e hardware orientado para sistemas de telemetria, IoT, sistemas de pagamento e controlos de acesso. Talento que activa a intelig\u00eancia e a imagina\u00e7\u00e3o Imagina Ingenio 2011Nace Imagina IngenioFundaci\u00f3n Se crea la empresa como desarrolladora de [&hellip;]","og_url":"https:\/\/www.imaginaingenio.com\/pt-pt\/a-nossa-historia\/","og_site_name":"Imagina Ingenio","article_publisher":"https:\/\/www.facebook.com\/imaginaingenio\/","article_modified_time":"2022-09-28T14:37:09+00:00","twitter_card":"summary_large_image","twitter_misc":{"Tempo estimado de leitura":"1 minuto"},"schema":{"@context":"https:\/\/schema.org","@graph":[{"@type":"WebPage","@id":"https:\/\/www.imaginaingenio.com\/pt-pt\/a-nossa-historia\/","url":"https:\/\/www.imaginaingenio.com\/pt-pt\/a-nossa-historia\/","name":"A nossa hist\u00f3ria - Imagina Ingenio","isPartOf":{"@id":"https:\/\/www.imaginaingenio.com\/pt-pt\/#website"},"datePublished":"2022-09-13T08:46:19+00:00","dateModified":"2022-09-28T14:37:09+00:00","breadcrumb":{"@id":"https:\/\/www.imaginaingenio.com\/pt-pt\/a-nossa-historia\/#breadcrumb"},"inLanguage":"pt-PT","potentialAction":[{"@type":"ReadAction","target":["https:\/\/www.imaginaingenio.com\/pt-pt\/a-nossa-historia\/"]}]},{"@type":"BreadcrumbList","@id":"https:\/\/www.imaginaingenio.com\/pt-pt\/a-nossa-historia\/#breadcrumb","itemListElement":[{"@type":"ListItem","position":1,"name":"Portada","item":"https:\/\/www.imaginaingenio.com\/pt-pt\/"},{"@type":"ListItem","position":2,"name":"A nossa hist\u00f3ria"}]},{"@type":"WebSite","@id":"https:\/\/www.imaginaingenio.com\/pt-pt\/#website","url":"https:\/\/www.imaginaingenio.com\/pt-pt\/","name":"Imagina Ingenio","description":"Desarrollo de software y hardware","publisher":{"@id":"https:\/\/www.imaginaingenio.com\/pt-pt\/#organization"},"potentialAction":[{"@type":"SearchAction","target":{"@type":"EntryPoint","urlTemplate":"https:\/\/www.imaginaingenio.com\/pt-pt\/?s={search_term_string}"},"query-input":{"@type":"PropertyValueSpecification","valueRequired":true,"valueName":"search_term_string"}}],"inLanguage":"pt-PT"},{"@type":"Organization","@id":"https:\/\/www.imaginaingenio.com\/pt-pt\/#organization","name":"Imagina Ingenio","url":"https:\/\/www.imaginaingenio.com\/pt-pt\/","logo":{"@type":"ImageObject","inLanguage":"pt-PT","@id":"https:\/\/www.imaginaingenio.com\/pt-pt\/#\/schema\/logo\/image\/","url":"","contentUrl":"","caption":"Imagina Ingenio"},"image":{"@id":"https:\/\/www.imaginaingenio.com\/pt-pt\/#\/schema\/logo\/image\/"},"sameAs":["https:\/\/www.facebook.com\/imaginaingenio\/","https:\/\/es.linkedin.com\/company\/imaginaingenio"]}]}},"_links":{"self":[{"href":"https:\/\/www.imaginaingenio.com\/pt-pt\/wp-json\/wp\/v2\/pages\/944","targetHints":{"allow":["GET"]}}],"collection":[{"href":"https:\/\/www.imaginaingenio.com\/pt-pt\/wp-json\/wp\/v2\/pages"}],"about":[{"href":"https:\/\/www.imaginaingenio.com\/pt-pt\/wp-json\/wp\/v2\/types\/page"}],"author":[{"embeddable":true,"href":"https:\/\/www.imaginaingenio.com\/pt-pt\/wp-json\/wp\/v2\/users\/1"}],"replies":[{"embeddable":true,"href":"https:\/\/www.imaginaingenio.com\/pt-pt\/wp-json\/wp\/v2\/comments?post=944"}],"version-history":[{"count":4,"href":"https:\/\/www.imaginaingenio.com\/pt-pt\/wp-json\/wp\/v2\/pages\/944\/revisions"}],"predecessor-version":[{"id":1186,"href":"https:\/\/www.imaginaingenio.com\/pt-pt\/wp-json\/wp\/v2\/pages\/944\/revisions\/1186"}],"wp:attachment":[{"href":"https:\/\/www.imaginaingenio.com\/pt-pt\/wp-json\/wp\/v2\/media?parent=944"}],"curies":[{"name":"wp","href":"https:\/\/api.w.org\/{rel}","templated":true}]}}