{"id":2264,"date":"2022-10-14T07:58:47","date_gmt":"2022-10-14T06:58:47","guid":{"rendered":"https:\/\/www.imaginaingenio.com\/aviso-legal\/"},"modified":"2022-10-28T12:58:06","modified_gmt":"2022-10-28T11:58:06","slug":"aviso-legal","status":"publish","type":"page","link":"https:\/\/www.imaginaingenio.com\/pt-pt\/aviso-legal\/","title":{"rendered":"Aviso Legal"},"content":{"rendered":"\t\t<div data-elementor-type=\"wp-page\" data-elementor-id=\"2264\" class=\"elementor elementor-2264 elementor-1270\">\n\t\t\t\t\t\t<section class=\"elementor-section elementor-top-section elementor-element elementor-element-40f4c255 elementor-section-boxed elementor-section-height-default elementor-section-height-default\" data-id=\"40f4c255\" data-element_type=\"section\">\n\t\t\t\t\t\t<div class=\"elementor-container elementor-column-gap-default\">\n\t\t\t\t\t<div class=\"elementor-column elementor-col-100 elementor-top-column elementor-element elementor-element-79bd6e51\" data-id=\"79bd6e51\" data-element_type=\"column\">\n\t\t\t<div class=\"elementor-widget-wrap elementor-element-populated\">\n\t\t\t\t\t\t<div class=\"elementor-element elementor-element-28186e3 elementor-widget elementor-widget-heading\" data-id=\"28186e3\" data-element_type=\"widget\" data-widget_type=\"heading.default\">\n\t\t\t\t<div class=\"elementor-widget-container\">\n\t\t\t\t\t<p class=\"elementor-heading-title elementor-size-default\">Aviso Legal<\/p>\t\t\t\t<\/div>\n\t\t\t\t<\/div>\n\t\t\t\t<div class=\"elementor-element elementor-element-5c9f3d98 elementor-widget elementor-widget-text-editor\" data-id=\"5c9f3d98\" data-element_type=\"widget\" data-widget_type=\"text-editor.default\">\n\t\t\t\t<div class=\"elementor-widget-container\">\n\t\t\t\t\t\t\t\t\t<table class=\"table table-bordered\">\n<tbody>\n<tr>\n<td colspan=\"3\"><strong>PROPRIET\u00c1RIO DO S\u00cdTIO WEB<\/strong><\/td>\n<\/tr>\n<tr>\n<td colspan=\"3\">\n<p>NOME DA EMPRESA: IMAGINA INGENIO S.L.<\/p>\n<p>CIF: B94042710<\/p>\n<\/td>\n<\/tr>\n<tr>\n<td colspan=\"3\">CALLE RIO TAMBRE, 19, CP 36005 POIO, PONTEVEDRA, ESPA\u00d1A<\/td>\n<\/tr>\n<tr>\n<td rowspan=\"2\">CONTACTO:<\/td>\n<td>Tel\u00e9fono: 986 11 16 66<\/td>\n<td> <\/td>\n<\/tr>\n<tr>\n<td>Email: info@imaginaingenio.com<\/td>\n<td> <\/td>\n<\/tr>\n<tr>\n<td rowspan=\"2\">DETALHES DA INSCRI\u00c7\u00c3O NO REGISTO COMERCIAL:<\/td>\n<td>Tomo: 3707<\/td>\n<td>Diario: 105<\/td>\n<\/tr>\n<tr>\n<td>Folio: 150 &#8211; Asiento:3055<\/td>\n<td>Hoja: PO-51250<\/td>\n<\/tr>\n<\/tbody>\n<\/table>\n\t\t\t\t\t\t\t\t<\/div>\n\t\t\t\t<\/div>\n\t\t\t\t\t<\/div>\n\t\t<\/div>\n\t\t\t\t\t<\/div>\n\t\t<\/section>\n\t\t\t\t<\/div>\n\t\t","protected":false},"excerpt":{"rendered":"<p>Aviso Legal PROPRIET\u00c1RIO DO S\u00cdTIO WEB NOME DA EMPRESA: IMAGINA INGENIO S.L. CIF: B94042710 CALLE RIO TAMBRE, 19, CP 36005 POIO, PONTEVEDRA, ESPA\u00d1A CONTACTO: Tel\u00e9fono: 986 11 16 66 Email: info@imaginaingenio.com DETALHES DA INSCRI\u00c7\u00c3O NO REGISTO COMERCIAL: Tomo: 3707 Diario: 105 Folio: 150 &#8211; Asiento:3055 Hoja: PO-51250<\/p>\n","protected":false},"author":1,"featured_media":0,"parent":0,"menu_order":0,"comment_status":"closed","ping_status":"closed","template":"","meta":{"footnotes":""},"class_list":["post-2264","page","type-page","status-publish","hentry"],"yoast_head":"<!-- This site is optimized with the Yoast SEO plugin v26.4 - https:\/\/yoast.com\/wordpress\/plugins\/seo\/ -->\n<title>Aviso Legal - Imagina Ingenio<\/title>\n<meta name=\"robots\" content=\"index, follow, max-snippet:-1, max-image-preview:large, max-video-preview:-1\" \/>\n<link rel=\"canonical\" href=\"https:\/\/www.imaginaingenio.com\/pt-pt\/aviso-legal\/\" \/>\n<meta property=\"og:locale\" content=\"pt_PT\" \/>\n<meta property=\"og:type\" content=\"article\" \/>\n<meta property=\"og:title\" content=\"Aviso Legal - Imagina Ingenio\" \/>\n<meta property=\"og:description\" content=\"Aviso Legal PROPRIET\u00c1RIO DO S\u00cdTIO WEB NOME DA EMPRESA: IMAGINA INGENIO S.L. CIF: B94042710 CALLE RIO TAMBRE, 19, CP 36005 POIO, PONTEVEDRA, ESPA\u00d1A CONTACTO: Tel\u00e9fono: 986 11 16 66 Email: info@imaginaingenio.com DETALHES DA INSCRI\u00c7\u00c3O NO REGISTO COMERCIAL: Tomo: 3707 Diario: 105 Folio: 150 &#8211; Asiento:3055 Hoja: PO-51250\" \/>\n<meta property=\"og:url\" content=\"https:\/\/www.imaginaingenio.com\/pt-pt\/aviso-legal\/\" \/>\n<meta property=\"og:site_name\" content=\"Imagina Ingenio\" \/>\n<meta property=\"article:publisher\" content=\"https:\/\/www.facebook.com\/imaginaingenio\/\" \/>\n<meta property=\"article:modified_time\" content=\"2022-10-28T11:58:06+00:00\" \/>\n<meta name=\"twitter:card\" content=\"summary_large_image\" \/>\n<script type=\"application\/ld+json\" class=\"yoast-schema-graph\">{\"@context\":\"https:\/\/schema.org\",\"@graph\":[{\"@type\":\"WebPage\",\"@id\":\"https:\/\/www.imaginaingenio.com\/pt-pt\/aviso-legal\/\",\"url\":\"https:\/\/www.imaginaingenio.com\/pt-pt\/aviso-legal\/\",\"name\":\"Aviso Legal - Imagina Ingenio\",\"isPartOf\":{\"@id\":\"https:\/\/www.imaginaingenio.com\/pt-pt\/#website\"},\"datePublished\":\"2022-10-14T06:58:47+00:00\",\"dateModified\":\"2022-10-28T11:58:06+00:00\",\"breadcrumb\":{\"@id\":\"https:\/\/www.imaginaingenio.com\/pt-pt\/aviso-legal\/#breadcrumb\"},\"inLanguage\":\"pt-PT\",\"potentialAction\":[{\"@type\":\"ReadAction\",\"target\":[\"https:\/\/www.imaginaingenio.com\/pt-pt\/aviso-legal\/\"]}]},{\"@type\":\"BreadcrumbList\",\"@id\":\"https:\/\/www.imaginaingenio.com\/pt-pt\/aviso-legal\/#breadcrumb\",\"itemListElement\":[{\"@type\":\"ListItem\",\"position\":1,\"name\":\"Portada\",\"item\":\"https:\/\/www.imaginaingenio.com\/pt-pt\/\"},{\"@type\":\"ListItem\",\"position\":2,\"name\":\"Aviso Legal\"}]},{\"@type\":\"WebSite\",\"@id\":\"https:\/\/www.imaginaingenio.com\/pt-pt\/#website\",\"url\":\"https:\/\/www.imaginaingenio.com\/pt-pt\/\",\"name\":\"Imagina Ingenio\",\"description\":\"Desarrollo de software y hardware\",\"publisher\":{\"@id\":\"https:\/\/www.imaginaingenio.com\/pt-pt\/#organization\"},\"potentialAction\":[{\"@type\":\"SearchAction\",\"target\":{\"@type\":\"EntryPoint\",\"urlTemplate\":\"https:\/\/www.imaginaingenio.com\/pt-pt\/?s={search_term_string}\"},\"query-input\":{\"@type\":\"PropertyValueSpecification\",\"valueRequired\":true,\"valueName\":\"search_term_string\"}}],\"inLanguage\":\"pt-PT\"},{\"@type\":\"Organization\",\"@id\":\"https:\/\/www.imaginaingenio.com\/pt-pt\/#organization\",\"name\":\"Imagina Ingenio\",\"url\":\"https:\/\/www.imaginaingenio.com\/pt-pt\/\",\"logo\":{\"@type\":\"ImageObject\",\"inLanguage\":\"pt-PT\",\"@id\":\"https:\/\/www.imaginaingenio.com\/pt-pt\/#\/schema\/logo\/image\/\",\"url\":\"\",\"contentUrl\":\"\",\"caption\":\"Imagina Ingenio\"},\"image\":{\"@id\":\"https:\/\/www.imaginaingenio.com\/pt-pt\/#\/schema\/logo\/image\/\"},\"sameAs\":[\"https:\/\/www.facebook.com\/imaginaingenio\/\",\"https:\/\/es.linkedin.com\/company\/imaginaingenio\"]}]}<\/script>\n<!-- \/ Yoast SEO plugin. -->","yoast_head_json":{"title":"Aviso Legal - Imagina Ingenio","robots":{"index":"index","follow":"follow","max-snippet":"max-snippet:-1","max-image-preview":"max-image-preview:large","max-video-preview":"max-video-preview:-1"},"canonical":"https:\/\/www.imaginaingenio.com\/pt-pt\/aviso-legal\/","og_locale":"pt_PT","og_type":"article","og_title":"Aviso Legal - Imagina Ingenio","og_description":"Aviso Legal PROPRIET\u00c1RIO DO S\u00cdTIO WEB NOME DA EMPRESA: IMAGINA INGENIO S.L. CIF: B94042710 CALLE RIO TAMBRE, 19, CP 36005 POIO, PONTEVEDRA, ESPA\u00d1A CONTACTO: Tel\u00e9fono: 986 11 16 66 Email: info@imaginaingenio.com DETALHES DA INSCRI\u00c7\u00c3O NO REGISTO COMERCIAL: Tomo: 3707 Diario: 105 Folio: 150 &#8211; Asiento:3055 Hoja: PO-51250","og_url":"https:\/\/www.imaginaingenio.com\/pt-pt\/aviso-legal\/","og_site_name":"Imagina Ingenio","article_publisher":"https:\/\/www.facebook.com\/imaginaingenio\/","article_modified_time":"2022-10-28T11:58:06+00:00","twitter_card":"summary_large_image","schema":{"@context":"https:\/\/schema.org","@graph":[{"@type":"WebPage","@id":"https:\/\/www.imaginaingenio.com\/pt-pt\/aviso-legal\/","url":"https:\/\/www.imaginaingenio.com\/pt-pt\/aviso-legal\/","name":"Aviso Legal - Imagina Ingenio","isPartOf":{"@id":"https:\/\/www.imaginaingenio.com\/pt-pt\/#website"},"datePublished":"2022-10-14T06:58:47+00:00","dateModified":"2022-10-28T11:58:06+00:00","breadcrumb":{"@id":"https:\/\/www.imaginaingenio.com\/pt-pt\/aviso-legal\/#breadcrumb"},"inLanguage":"pt-PT","potentialAction":[{"@type":"ReadAction","target":["https:\/\/www.imaginaingenio.com\/pt-pt\/aviso-legal\/"]}]},{"@type":"BreadcrumbList","@id":"https:\/\/www.imaginaingenio.com\/pt-pt\/aviso-legal\/#breadcrumb","itemListElement":[{"@type":"ListItem","position":1,"name":"Portada","item":"https:\/\/www.imaginaingenio.com\/pt-pt\/"},{"@type":"ListItem","position":2,"name":"Aviso Legal"}]},{"@type":"WebSite","@id":"https:\/\/www.imaginaingenio.com\/pt-pt\/#website","url":"https:\/\/www.imaginaingenio.com\/pt-pt\/","name":"Imagina Ingenio","description":"Desarrollo de software y hardware","publisher":{"@id":"https:\/\/www.imaginaingenio.com\/pt-pt\/#organization"},"potentialAction":[{"@type":"SearchAction","target":{"@type":"EntryPoint","urlTemplate":"https:\/\/www.imaginaingenio.com\/pt-pt\/?s={search_term_string}"},"query-input":{"@type":"PropertyValueSpecification","valueRequired":true,"valueName":"search_term_string"}}],"inLanguage":"pt-PT"},{"@type":"Organization","@id":"https:\/\/www.imaginaingenio.com\/pt-pt\/#organization","name":"Imagina Ingenio","url":"https:\/\/www.imaginaingenio.com\/pt-pt\/","logo":{"@type":"ImageObject","inLanguage":"pt-PT","@id":"https:\/\/www.imaginaingenio.com\/pt-pt\/#\/schema\/logo\/image\/","url":"","contentUrl":"","caption":"Imagina Ingenio"},"image":{"@id":"https:\/\/www.imaginaingenio.com\/pt-pt\/#\/schema\/logo\/image\/"},"sameAs":["https:\/\/www.facebook.com\/imaginaingenio\/","https:\/\/es.linkedin.com\/company\/imaginaingenio"]}]}},"_links":{"self":[{"href":"https:\/\/www.imaginaingenio.com\/pt-pt\/wp-json\/wp\/v2\/pages\/2264","targetHints":{"allow":["GET"]}}],"collection":[{"href":"https:\/\/www.imaginaingenio.com\/pt-pt\/wp-json\/wp\/v2\/pages"}],"about":[{"href":"https:\/\/www.imaginaingenio.com\/pt-pt\/wp-json\/wp\/v2\/types\/page"}],"author":[{"embeddable":true,"href":"https:\/\/www.imaginaingenio.com\/pt-pt\/wp-json\/wp\/v2\/users\/1"}],"replies":[{"embeddable":true,"href":"https:\/\/www.imaginaingenio.com\/pt-pt\/wp-json\/wp\/v2\/comments?post=2264"}],"version-history":[{"count":1,"href":"https:\/\/www.imaginaingenio.com\/pt-pt\/wp-json\/wp\/v2\/pages\/2264\/revisions"}],"predecessor-version":[{"id":2265,"href":"https:\/\/www.imaginaingenio.com\/pt-pt\/wp-json\/wp\/v2\/pages\/2264\/revisions\/2265"}],"wp:attachment":[{"href":"https:\/\/www.imaginaingenio.com\/pt-pt\/wp-json\/wp\/v2\/media?parent=2264"}],"curies":[{"name":"wp","href":"https:\/\/api.w.org\/{rel}","templated":true}]}}