{"id":1714,"date":"2022-09-05T10:49:05","date_gmt":"2022-09-05T09:49:05","guid":{"rendered":"https:\/\/www.web.imaginaingenio.com\/politica-de-privacidade\/"},"modified":"2023-02-02T12:03:25","modified_gmt":"2023-02-02T11:03:25","slug":"politica-de-privacidade","status":"publish","type":"page","link":"https:\/\/www.imaginaingenio.com\/pt-pt\/politica-de-privacidade\/","title":{"rendered":"Pol\u00edtica de privacidade"},"content":{"rendered":"\t\t<div data-elementor-type=\"wp-page\" data-elementor-id=\"1714\" class=\"elementor elementor-1714\" data-elementor-post-type=\"page\">\n\t\t\t\t\t\t<section class=\"elementor-section elementor-top-section elementor-element elementor-element-40f4c255 elementor-section-boxed elementor-section-height-default elementor-section-height-default\" data-id=\"40f4c255\" data-element_type=\"section\" data-e-type=\"section\">\n\t\t\t\t\t\t<div class=\"elementor-container elementor-column-gap-default\">\n\t\t\t\t\t<div class=\"elementor-column elementor-col-100 elementor-top-column elementor-element elementor-element-79bd6e51\" data-id=\"79bd6e51\" data-element_type=\"column\" data-e-type=\"column\">\n\t\t\t<div class=\"elementor-widget-wrap elementor-element-populated\">\n\t\t\t\t\t\t<div class=\"elementor-element elementor-element-28186e3 elementor-widget elementor-widget-heading\" data-id=\"28186e3\" data-element_type=\"widget\" data-e-type=\"widget\" data-widget_type=\"heading.default\">\n\t\t\t\t<div class=\"elementor-widget-container\">\n\t\t\t\t\t<p class=\"elementor-heading-title elementor-size-default\">Pol\u00edtica de privacidade<\/p>\t\t\t\t<\/div>\n\t\t\t\t<\/div>\n\t\t\t\t<div class=\"elementor-element elementor-element-5c9f3d98 elementor-widget elementor-widget-text-editor\" data-id=\"5c9f3d98\" data-element_type=\"widget\" data-e-type=\"widget\" data-widget_type=\"text-editor.default\">\n\t\t\t\t<div class=\"elementor-widget-container\">\n\t\t\t\t\t\t\t\t\t\n<div class=\"table-responsive\">\n<table class=\"table table-bordered\">\n<tbody>\n<tr>\n<td>RESPONS\u00c1VEL<\/td>\n<td>IMAGINA INGENIO S.L.<\/td>\n<\/tr>\n<tr>\n<td>OBJECTIVO PRINCIPAL<\/td>\n<td>Gest\u00e3o da rela\u00e7\u00e3o comercial\/profissional<\/td>\n<\/tr>\n<tr>\n<td>LEGITIM\u00c1CIA<\/td>\n<td>Consentimento da pessoa em causa\/Execu\u00e7\u00e3o de um contrato<\/td>\n<\/tr>\n<tr>\n<td>META<\/td>\n<td>Nenhum dado ser\u00e1 transmitido a terceiros, a menos que expressamente autorizado ou legalmente obrigado a faz\u00ea-lo.<\/td>\n<\/tr>\n<tr>\n<td>DIREITOS<\/td>\n<td>Acesso, rectifica\u00e7\u00e3o e apagamento de dados, portabilidade dos dados, limita\u00e7\u00e3o ou oposi\u00e7\u00e3o ao tratamento de dados, transpar\u00eancia e direito a n\u00e3o estar sujeito a decis\u00f5es automatizadas.<\/td>\n<\/tr>\n<tr>\n<td>INFORMA\u00c7\u00c3O ADICIONAL<\/td>\n<td>Pode consultar informa\u00e7\u00f5es adicionais e detalhadas sobre a nossa Pol\u00edtica de Privacidade <a href=\"http:\/\/imaginaingenio.eu\/politicadeprivacidad\">neste link<\/a><\/td>\n<\/tr>\n<\/tbody>\n<\/table>\n<\/div>\n<div class=\"space30\"> <\/div>\n<p>De acordo com os princ\u00edpios da legalidade, equidade e transpar\u00eancia, fornecemos-lhe esta Pol\u00edtica de Privacidade.<\/p>\n<h3>Quem \u00e9 o Controlador de Dados dos seus dados?<\/h3>\n<p>IMAGINA INGENIO S.L.<br>CIF: B94042710<br>SEDE SOCIAL: CALLE RIO TAMBRE, 19, CP 36005 POIO, PONTEVEDRA, ESPANHA<br>Email: <a href=\"mailto:info@imaginaingenio.com\">info@imaginaingenio.com<\/a><br>Telefone: 986 11 16 66<\/p>\n<h3>Para que fins processamos os seus dados pessoais?<\/h3>\n<p>Na IMAGINA INGENIO S.L. processamos as informa\u00e7\u00f5es que nos fornece com o objectivo de gerir a rela\u00e7\u00e3o contratual que nos liga, gerir o envio das informa\u00e7\u00f5es que nos solicita, fornecer aos interessados ofertas dos nossos servi\u00e7os e\/ou produtos de interesse para eles.<\/p>\n<h3>Durante quanto tempo vamos manter os seus dados pessoais?<\/h3>\n<p>Os seus dados ser\u00e3o mantidos durante o tempo m\u00ednimo necess\u00e1rio para a correcta presta\u00e7\u00e3o do servi\u00e7o oferecido, bem como para cumprir as responsabilidades que possam surgir do mesmo e de qualquer outro requisito legal.<\/p>\n<h3>Qual \u00e9 a legitimidade para o tratamento dos seus dados?<\/h3>\n<p>A base legal para o tratamento dos seus dados pessoais pode ser a execu\u00e7\u00e3o de uma rela\u00e7\u00e3o contratual potencial e\/ou subscrita, interesse leg\u00edtimo, autoriza\u00e7\u00e3o legal e\/ou o consentimento do pr\u00f3prio titular dos dados. Os dados que lhe pedimos s\u00e3o adequados, relevantes e estritamente necess\u00e1rios e em caso algum \u00e9 obrigado a fornec\u00ea-los, mas o n\u00e3o fornecimento pode afectar a finalidade do servi\u00e7o ou a impossibilidade de o fornecer.<\/p>\n<h3>A que destinat\u00e1rios ser\u00e3o comunicados os seus dados?<\/h3>\n<p>A IMAGINA INGENIO S.L. n\u00e3o comunicar\u00e1 os seus dados a terceiros, a menos que seja expressamente informada do facto.<\/p>\n<h3>Quais s\u00e3o os seus direitos quando nos fornece os seus dados?<\/h3>\n<p>Os direitos de protec\u00e7\u00e3o de dados detidos pelas pessoas em causa s\u00e3o:<\/p>\n<ul>\n<li>Direito de solicitar o acesso aos dados pessoais relativos ao titular dos dados<\/li>\n<li>Direito de rectifica\u00e7\u00e3o ou apagamento<\/li>\n<li>Direito de objec\u00e7\u00e3o<\/li>\n<li>Direito de solicitar a restri\u00e7\u00e3o do processamento<\/li>\n<li>Direito \u00e0 portabilidade dos dados<\/li>\n<\/ul>\n<p>Os propriet\u00e1rios dos dados pessoais obtidos podem exercer os seus direitos de protec\u00e7\u00e3o de dados pessoais enviando uma comunica\u00e7\u00e3o escrita \u00e0 sede social da IMAGINA INGENIO S.L. ou para o endere\u00e7o de correio electr\u00f3nico fornecido para o efeito, <a href=\"mailto:info@imaginaingenio.com\">info@imaginaingenio.com<\/a>Em ambos os casos, queira incluir uma fotoc\u00f3pia do seu bilhete de identidade ou outro documento de identifica\u00e7\u00e3o equivalente. Modelos, formul\u00e1rios e outras informa\u00e7\u00f5es sobre os seus direitos est\u00e3o dispon\u00edveis no s\u00edtio web da autoridade supervisora nacional, Ag\u00eancia Espanhola de Protec\u00e7\u00e3o de Dados, a seguir, AEPD, <a href=\"https:\/\/imaginaingenio.es\/politicadeprivacidad\/www.agpd.es\" target=\"_blank\" rel=\"noopener\">www.agpd.es<\/a>.<\/p>\n<p> <\/p>\n<h3>Posso retirar o meu consentimento?<\/h3>\n<p>Tem a possibilidade e o direito de retirar o seu consentimento para qualquer fim espec\u00edfico concedido na altura, sem afectar a legalidade do processamento baseado no consentimento antes da sua retirada.<\/p>\n<h3>Onde posso reclamar se sentir que os meus dados n\u00e3o est\u00e3o a ser tratados correctamente?<\/h3>\n<p>Se qualquer parte interessada considerar que os seus dados n\u00e3o est\u00e3o a ser tratados correctamente pela IMAGINA INGENIO S.L., pode enviar as suas queixas para <a href=\"mailto:info@imaginaingenio.com\">info@imaginaingenio.com<\/a> ou para a autoridade de protec\u00e7\u00e3o de dados correspondente, sendo a AEPD a indicada no territ\u00f3rio nacional, <a href=\"https:\/\/imaginaingenio.es\/politicadeprivacidad\/www.agpd.es\" target=\"_blank\" rel=\"noopener\">www.agpd.es<\/a>.<\/p>\n<h3>Seguran\u00e7a e actualiza\u00e7\u00e3o dos seus dados pessoais<\/h3>\n<p>A fim de salvaguardar a seguran\u00e7a dos seus dados pessoais, informamos que a IMAGINA INGENIO S.L. adoptou todas as medidas t\u00e9cnicas e organizacionais necess\u00e1rias para garantir a seguran\u00e7a dos dados pessoais fornecidos. Tudo isto para evitar a sua altera\u00e7\u00e3o, perda e\/ou processamento ou acesso n\u00e3o autorizado, conforme exigido por lei, embora n\u00e3o exista seguran\u00e7a absoluta.<\/p>\n<p>Para que possamos manter os seus dados pessoais actualizados, \u00e9 importante que nos informe sempre que se verifique uma altera\u00e7\u00e3o nos seus dados pessoais.<\/p>\n<h3>Confidencialidade<\/h3>\n<p>IMAGINA INGENIO S.L. informa-o que os seus dados ser\u00e3o tratados com o maior cuidado e confidencialidade por todo o pessoal envolvido em qualquer uma das fases de processamento. N\u00e3o transmitiremos ou comunicaremos os seus dados a terceiros, excepto nos casos previstos por lei, ou a menos que o interessado nos tenha expressamente autorizado a faz\u00ea-lo.<\/p>\n\t\t\t\t\t\t\t\t<\/div>\n\t\t\t\t<\/div>\n\t\t\t\t\t<\/div>\n\t\t<\/div>\n\t\t\t\t\t<\/div>\n\t\t<\/section>\n\t\t\t\t<\/div>\n\t\t","protected":false},"excerpt":{"rendered":"<p>Pol\u00edtica de privacidade RESPONS\u00c1VEL IMAGINA INGENIO S.L. OBJECTIVO PRINCIPAL Gest\u00e3o da rela\u00e7\u00e3o comercial\/profissional LEGITIM\u00c1CIA Consentimento da pessoa em causa\/Execu\u00e7\u00e3o de um contrato META Nenhum dado ser\u00e1 transmitido a terceiros, a menos que expressamente autorizado ou legalmente obrigado a faz\u00ea-lo. DIREITOS Acesso, rectifica\u00e7\u00e3o e apagamento de dados, portabilidade dos dados, limita\u00e7\u00e3o ou oposi\u00e7\u00e3o ao tratamento de [&hellip;]<\/p>\n","protected":false},"author":1,"featured_media":0,"parent":0,"menu_order":0,"comment_status":"closed","ping_status":"closed","template":"","meta":{"footnotes":""},"class_list":["post-1714","page","type-page","status-publish","hentry"],"yoast_head":"<!-- This site is optimized with the Yoast SEO plugin v26.4 - https:\/\/yoast.com\/wordpress\/plugins\/seo\/ -->\n<title>Pol\u00edtica de privacidade - Imagina Ingenio<\/title>\n<meta name=\"robots\" content=\"index, follow, max-snippet:-1, max-image-preview:large, max-video-preview:-1\" \/>\n<link rel=\"canonical\" href=\"https:\/\/www.imaginaingenio.com\/pt-pt\/politica-de-privacidade\/\" \/>\n<meta property=\"og:locale\" content=\"pt_PT\" \/>\n<meta property=\"og:type\" content=\"article\" \/>\n<meta property=\"og:title\" content=\"Pol\u00edtica de privacidade - Imagina Ingenio\" \/>\n<meta property=\"og:description\" content=\"Pol\u00edtica de privacidade RESPONS\u00c1VEL IMAGINA INGENIO S.L. OBJECTIVO PRINCIPAL Gest\u00e3o da rela\u00e7\u00e3o comercial\/profissional LEGITIM\u00c1CIA Consentimento da pessoa em causa\/Execu\u00e7\u00e3o de um contrato META Nenhum dado ser\u00e1 transmitido a terceiros, a menos que expressamente autorizado ou legalmente obrigado a faz\u00ea-lo. DIREITOS Acesso, rectifica\u00e7\u00e3o e apagamento de dados, portabilidade dos dados, limita\u00e7\u00e3o ou oposi\u00e7\u00e3o ao tratamento de [&hellip;]\" \/>\n<meta property=\"og:url\" content=\"https:\/\/www.imaginaingenio.com\/pt-pt\/politica-de-privacidade\/\" \/>\n<meta property=\"og:site_name\" content=\"Imagina Ingenio\" \/>\n<meta property=\"article:publisher\" content=\"https:\/\/www.facebook.com\/imaginaingenio\/\" \/>\n<meta property=\"article:modified_time\" content=\"2023-02-02T11:03:25+00:00\" \/>\n<meta name=\"twitter:card\" content=\"summary_large_image\" \/>\n<meta name=\"twitter:label1\" content=\"Tempo estimado de leitura\" \/>\n\t<meta name=\"twitter:data1\" content=\"4 minutos\" \/>\n<script type=\"application\/ld+json\" class=\"yoast-schema-graph\">{\"@context\":\"https:\/\/schema.org\",\"@graph\":[{\"@type\":\"WebPage\",\"@id\":\"https:\/\/www.imaginaingenio.com\/pt-pt\/politica-de-privacidade\/\",\"url\":\"https:\/\/www.imaginaingenio.com\/pt-pt\/politica-de-privacidade\/\",\"name\":\"Pol\u00edtica de privacidade - Imagina Ingenio\",\"isPartOf\":{\"@id\":\"https:\/\/www.imaginaingenio.com\/#website\"},\"datePublished\":\"2022-09-05T09:49:05+00:00\",\"dateModified\":\"2023-02-02T11:03:25+00:00\",\"breadcrumb\":{\"@id\":\"https:\/\/www.imaginaingenio.com\/pt-pt\/politica-de-privacidade\/#breadcrumb\"},\"inLanguage\":\"pt-PT\",\"potentialAction\":[{\"@type\":\"ReadAction\",\"target\":[\"https:\/\/www.imaginaingenio.com\/pt-pt\/politica-de-privacidade\/\"]}]},{\"@type\":\"BreadcrumbList\",\"@id\":\"https:\/\/www.imaginaingenio.com\/pt-pt\/politica-de-privacidade\/#breadcrumb\",\"itemListElement\":[{\"@type\":\"ListItem\",\"position\":1,\"name\":\"Portada\",\"item\":\"https:\/\/www.imaginaingenio.com\/pt-pt\/\"},{\"@type\":\"ListItem\",\"position\":2,\"name\":\"Pol\u00edtica de privacidade\"}]},{\"@type\":\"WebSite\",\"@id\":\"https:\/\/www.imaginaingenio.com\/#website\",\"url\":\"https:\/\/www.imaginaingenio.com\/\",\"name\":\"Imagina Ingenio\",\"description\":\"Desarrollo de software y hardware\",\"publisher\":{\"@id\":\"https:\/\/www.imaginaingenio.com\/#organization\"},\"potentialAction\":[{\"@type\":\"SearchAction\",\"target\":{\"@type\":\"EntryPoint\",\"urlTemplate\":\"https:\/\/www.imaginaingenio.com\/?s={search_term_string}\"},\"query-input\":{\"@type\":\"PropertyValueSpecification\",\"valueRequired\":true,\"valueName\":\"search_term_string\"}}],\"inLanguage\":\"pt-PT\"},{\"@type\":\"Organization\",\"@id\":\"https:\/\/www.imaginaingenio.com\/#organization\",\"name\":\"Imagina Ingenio\",\"url\":\"https:\/\/www.imaginaingenio.com\/\",\"logo\":{\"@type\":\"ImageObject\",\"inLanguage\":\"pt-PT\",\"@id\":\"https:\/\/www.imaginaingenio.com\/#\/schema\/logo\/image\/\",\"url\":\"\",\"contentUrl\":\"\",\"caption\":\"Imagina Ingenio\"},\"image\":{\"@id\":\"https:\/\/www.imaginaingenio.com\/#\/schema\/logo\/image\/\"},\"sameAs\":[\"https:\/\/www.facebook.com\/imaginaingenio\/\",\"https:\/\/es.linkedin.com\/company\/imaginaingenio\"]}]}<\/script>\n<!-- \/ Yoast SEO plugin. -->","yoast_head_json":{"title":"Pol\u00edtica de privacidade - Imagina Ingenio","robots":{"index":"index","follow":"follow","max-snippet":"max-snippet:-1","max-image-preview":"max-image-preview:large","max-video-preview":"max-video-preview:-1"},"canonical":"https:\/\/www.imaginaingenio.com\/pt-pt\/politica-de-privacidade\/","og_locale":"pt_PT","og_type":"article","og_title":"Pol\u00edtica de privacidade - Imagina Ingenio","og_description":"Pol\u00edtica de privacidade RESPONS\u00c1VEL IMAGINA INGENIO S.L. OBJECTIVO PRINCIPAL Gest\u00e3o da rela\u00e7\u00e3o comercial\/profissional LEGITIM\u00c1CIA Consentimento da pessoa em causa\/Execu\u00e7\u00e3o de um contrato META Nenhum dado ser\u00e1 transmitido a terceiros, a menos que expressamente autorizado ou legalmente obrigado a faz\u00ea-lo. DIREITOS Acesso, rectifica\u00e7\u00e3o e apagamento de dados, portabilidade dos dados, limita\u00e7\u00e3o ou oposi\u00e7\u00e3o ao tratamento de [&hellip;]","og_url":"https:\/\/www.imaginaingenio.com\/pt-pt\/politica-de-privacidade\/","og_site_name":"Imagina Ingenio","article_publisher":"https:\/\/www.facebook.com\/imaginaingenio\/","article_modified_time":"2023-02-02T11:03:25+00:00","twitter_card":"summary_large_image","twitter_misc":{"Tempo estimado de leitura":"4 minutos"},"schema":{"@context":"https:\/\/schema.org","@graph":[{"@type":"WebPage","@id":"https:\/\/www.imaginaingenio.com\/pt-pt\/politica-de-privacidade\/","url":"https:\/\/www.imaginaingenio.com\/pt-pt\/politica-de-privacidade\/","name":"Pol\u00edtica de privacidade - Imagina Ingenio","isPartOf":{"@id":"https:\/\/www.imaginaingenio.com\/#website"},"datePublished":"2022-09-05T09:49:05+00:00","dateModified":"2023-02-02T11:03:25+00:00","breadcrumb":{"@id":"https:\/\/www.imaginaingenio.com\/pt-pt\/politica-de-privacidade\/#breadcrumb"},"inLanguage":"pt-PT","potentialAction":[{"@type":"ReadAction","target":["https:\/\/www.imaginaingenio.com\/pt-pt\/politica-de-privacidade\/"]}]},{"@type":"BreadcrumbList","@id":"https:\/\/www.imaginaingenio.com\/pt-pt\/politica-de-privacidade\/#breadcrumb","itemListElement":[{"@type":"ListItem","position":1,"name":"Portada","item":"https:\/\/www.imaginaingenio.com\/pt-pt\/"},{"@type":"ListItem","position":2,"name":"Pol\u00edtica de privacidade"}]},{"@type":"WebSite","@id":"https:\/\/www.imaginaingenio.com\/#website","url":"https:\/\/www.imaginaingenio.com\/","name":"Imagina Ingenio","description":"Desarrollo de software y hardware","publisher":{"@id":"https:\/\/www.imaginaingenio.com\/#organization"},"potentialAction":[{"@type":"SearchAction","target":{"@type":"EntryPoint","urlTemplate":"https:\/\/www.imaginaingenio.com\/?s={search_term_string}"},"query-input":{"@type":"PropertyValueSpecification","valueRequired":true,"valueName":"search_term_string"}}],"inLanguage":"pt-PT"},{"@type":"Organization","@id":"https:\/\/www.imaginaingenio.com\/#organization","name":"Imagina Ingenio","url":"https:\/\/www.imaginaingenio.com\/","logo":{"@type":"ImageObject","inLanguage":"pt-PT","@id":"https:\/\/www.imaginaingenio.com\/#\/schema\/logo\/image\/","url":"","contentUrl":"","caption":"Imagina Ingenio"},"image":{"@id":"https:\/\/www.imaginaingenio.com\/#\/schema\/logo\/image\/"},"sameAs":["https:\/\/www.facebook.com\/imaginaingenio\/","https:\/\/es.linkedin.com\/company\/imaginaingenio"]}]}},"_links":{"self":[{"href":"https:\/\/www.imaginaingenio.com\/pt-pt\/wp-json\/wp\/v2\/pages\/1714","targetHints":{"allow":["GET"]}}],"collection":[{"href":"https:\/\/www.imaginaingenio.com\/pt-pt\/wp-json\/wp\/v2\/pages"}],"about":[{"href":"https:\/\/www.imaginaingenio.com\/pt-pt\/wp-json\/wp\/v2\/types\/page"}],"author":[{"embeddable":true,"href":"https:\/\/www.imaginaingenio.com\/pt-pt\/wp-json\/wp\/v2\/users\/1"}],"replies":[{"embeddable":true,"href":"https:\/\/www.imaginaingenio.com\/pt-pt\/wp-json\/wp\/v2\/comments?post=1714"}],"version-history":[{"count":2,"href":"https:\/\/www.imaginaingenio.com\/pt-pt\/wp-json\/wp\/v2\/pages\/1714\/revisions"}],"predecessor-version":[{"id":2614,"href":"https:\/\/www.imaginaingenio.com\/pt-pt\/wp-json\/wp\/v2\/pages\/1714\/revisions\/2614"}],"wp:attachment":[{"href":"https:\/\/www.imaginaingenio.com\/pt-pt\/wp-json\/wp\/v2\/media?parent=1714"}],"curies":[{"name":"wp","href":"https:\/\/api.w.org\/{rel}","templated":true}]}}