{"id":1708,"date":"2022-10-14T08:01:05","date_gmt":"2022-10-14T07:01:05","guid":{"rendered":"https:\/\/www.web.imaginaingenio.com\/politica-de-cookies\/"},"modified":"2022-10-18T13:20:20","modified_gmt":"2022-10-18T12:20:20","slug":"politica-de-cookies","status":"publish","type":"page","link":"https:\/\/www.imaginaingenio.com\/pt-pt\/politica-de-cookies\/","title":{"rendered":"Pol\u00edtica de Cookies"},"content":{"rendered":"\t\t<div data-elementor-type=\"wp-page\" data-elementor-id=\"1708\" class=\"elementor elementor-1708 elementor-1275\">\n\t\t\t\t\t\t<section class=\"elementor-section elementor-top-section elementor-element elementor-element-40f4c255 elementor-section-boxed elementor-section-height-default elementor-section-height-default\" data-id=\"40f4c255\" data-element_type=\"section\">\n\t\t\t\t\t\t<div class=\"elementor-container elementor-column-gap-default\">\n\t\t\t\t\t<div class=\"elementor-column elementor-col-100 elementor-top-column elementor-element elementor-element-79bd6e51\" data-id=\"79bd6e51\" data-element_type=\"column\">\n\t\t\t<div class=\"elementor-widget-wrap elementor-element-populated\">\n\t\t\t\t\t\t<div class=\"elementor-element elementor-element-28186e3 elementor-widget elementor-widget-heading\" data-id=\"28186e3\" data-element_type=\"widget\" data-widget_type=\"heading.default\">\n\t\t\t\t<div class=\"elementor-widget-container\">\n\t\t\t\t\t<p class=\"elementor-heading-title elementor-size-default\">Pol\u00edtica de Cookies<\/p>\t\t\t\t<\/div>\n\t\t\t\t<\/div>\n\t\t\t\t<div class=\"elementor-element elementor-element-5c9f3d98 elementor-widget elementor-widget-text-editor\" data-id=\"5c9f3d98\" data-element_type=\"widget\" data-widget_type=\"text-editor.default\">\n\t\t\t\t<div class=\"elementor-widget-container\">\n\t\t\t\t\t\t\t\t\t<h3>1. O que s\u00e3o cookies?<\/h3>\n<p>O website da IMAGINA INGENIO S.L. (doravante o Website) utiliza cookies. Os cookies s\u00e3o ficheiros enviados para um navegador por um servidor web para registar as actividades do Utilizador num determinado s\u00edtio web. O principal objectivo dos cookies \u00e9 fornecer ao utilizador um acesso mais r\u00e1pido aos servi\u00e7os seleccionados. Al\u00e9m disso, os Cookies personalizam os servi\u00e7os oferecidos pelo Website, fornecendo e oferecendo a cada utilizador informa\u00e7\u00f5es que lhe interessam ou que possam interessar, com base na sua utiliza\u00e7\u00e3o dos Servi\u00e7os.<\/p>\n<p>O website utiliza cookies para personalizar e facilitar a experi\u00eancia de navega\u00e7\u00e3o do utilizador tanto quanto poss\u00edvel. Os cookies est\u00e3o apenas associados a um utilizador an\u00f3nimo e ao seu computador e n\u00e3o fornecem refer\u00eancias que permitam deduzir os dados pessoais do utilizador. O utilizador pode configurar o seu navegador para notificar e rejeitar a instala\u00e7\u00e3o de cookies enviados pelo website, sem que isso afecte a capacidade do utilizador de aceder ao conte\u00fado do website. No entanto, gostar\u00edamos de salientar que, em qualquer caso, o desempenho do website pode diminuir.<\/p>\n<p>Os utilizadores registados, que se registam ou est\u00e3o registados, poder\u00e3o beneficiar de servi\u00e7os mais personalizados e direccionados, gra\u00e7as \u00e0 combina\u00e7\u00e3o dos dados armazenados em cookies com os dados pessoais utilizados no momento do registo. Estes utilizadores autorizam expressamente a utiliza\u00e7\u00e3o destas informa\u00e7\u00f5es para os fins acima mencionados, sem preju\u00edzo do seu direito de rejeitar ou desactivar a utiliza\u00e7\u00e3o de cookies.<\/p>\n<p>Da mesma forma, a Web poder\u00e1 conhecer todos os servi\u00e7os solicitados pelos utilizadores, para que estes possam fornecer ou oferecer informa\u00e7\u00f5es adequadas aos gostos e prefer\u00eancias de cada utilizador.<\/p>\n<h3>2. Que tipos de cookies existem?<\/h3>\n<p>Os bolinhos, dependendo da sua perman\u00eancia, podem ser divididos em:<\/p>\n<ul>\n<li>Cookies de sess\u00e3o: Os cookies de sess\u00e3o expiram quando o utilizador fecha o navegador.<\/li>\n<li>Cookies persistentes. Estes \u00faltimos expiram dependendo de quando \u00e9 cumprido o objectivo para o qual s\u00e3o utilizados (por exemplo, para manter o utilizador ligado aos Servi\u00e7os) ou quando s\u00e3o eliminados manualmente.<\/li>\n<\/ul>\n<p>Al\u00e9m disso, dependendo da sua finalidade, os Cookies podem ser classificados da seguinte forma:<\/p>\n<ul>\n<li>Cookies de desempenho: Este tipo de Cookie lembra-se das suas prefer\u00eancias pelas ferramentas encontradas nos servi\u00e7os, pelo que n\u00e3o tem de reconfigurar o servi\u00e7o cada vez que o visita. A t\u00edtulo de exemplo, esta tipologia inclui:<br \/>&#8211; Defini\u00e7\u00f5es de volume de leitores de v\u00eddeo ou som.<br \/>&#8211; Taxas de bits de v\u00eddeo que s\u00e3o compat\u00edveis com o seu navegador.<\/li>\n<li>Cookies de geo-localiza\u00e7\u00e3o: Estes Cookies s\u00e3o utilizados para descobrir em que pa\u00eds se encontra quando solicita um servi\u00e7o. Este Cookie \u00e9 completamente an\u00f3nimo, e s\u00f3 \u00e9 utilizado para ajudar a direccionar o conte\u00fado para a sua localiza\u00e7\u00e3o.<\/li>\n<li>Cookies de Registo: Os Cookies de Registo s\u00e3o gerados uma vez que o utilizador se tenha registado ou posteriormente efectuado o login, e s\u00e3o utilizados para o identificar nos servi\u00e7os para os seguintes fins:<br \/>&#8211; Para manter o utilizador identificado de modo a que, se fechar um servi\u00e7o, o navegador ou o computador e noutra altura ou noutro dia voltar a entrar no servi\u00e7o, continuar\u00e1 a ser identificado, facilitando assim a navega\u00e7\u00e3o sem ter de se identificar novamente. Esta funcionalidade pode ser eliminada se o utilizador clicar na funcionalidade &#8220;logout&#8221;, para que este Cookie seja eliminado e na pr\u00f3xima vez que o utilizador entrar no servi\u00e7o ter\u00e1 de iniciar a sess\u00e3o para ser identificado.<br \/>&#8211; Verificar se o utilizador est\u00e1 autorizado a aceder a determinados servi\u00e7os, por exemplo, para participar num concurso.<\/li>\n<li>Cookies anal\u00edticos: Cada vez que um Utilizador visita um servi\u00e7o, um Cookie anal\u00edtico \u00e9 gerado no computador do Utilizador por uma ferramenta de um fornecedor externo. Este Cookie, que s\u00f3 \u00e9 gerado durante a visita, ser\u00e1 utilizado em futuras visitas aos Servi\u00e7os Web para identificar anonimamente o visitante. Os principais objectivos a perseguir s\u00e3o:<br \/>&#8211; Permitir a identifica\u00e7\u00e3o an\u00f3nima dos utilizadores de navega\u00e7\u00e3o atrav\u00e9s do &#8220;Cookie&#8221; (identifica navegadores e dispositivos, n\u00e3o pessoas) e, portanto, a contagem aproximada do n\u00famero de visitantes e a sua tend\u00eancia ao longo do tempo.<br \/>&#8211; Identificar anonimamente o conte\u00fado mais visitado e, portanto, mais atractivo para os utilizadores.<br \/>&#8211; Para saber se o utilizador que acede ao site \u00e9 novo ou um visitante repetido.<br \/>&#8211; Importante: A menos que o utilizador decida registar-se para um servi\u00e7o Web, o &#8220;Cookie&#8221; nunca ser\u00e1 associado a quaisquer dados pessoais que o possam identificar. Estes Cookies s\u00f3 ser\u00e3o utilizados para fins estat\u00edsticos para ajudar a optimizar a experi\u00eancia do Utilizador no site.<\/li>\n<\/ul>\n<p>Cookies de publicidade comportamental: Este tipo de &#8220;Cookies&#8221; permite estender a informa\u00e7\u00e3o dos an\u00fancios mostrados a cada utilizador an\u00f3nimo nos Servi\u00e7os Web. Entre outros, a dura\u00e7\u00e3o ou frequ\u00eancia de visualiza\u00e7\u00e3o das posi\u00e7\u00f5es publicit\u00e1rias, a interac\u00e7\u00e3o com elas, ou os padr\u00f5es de navega\u00e7\u00e3o e\/ou partilha do utilizador s\u00e3o armazenados \u00e0 medida que ajudam a formar um perfil de interesse publicit\u00e1rio. Desta forma, tornam poss\u00edvel oferecer publicidade \u00e0 medida dos interesses do utilizador.<\/p>\n<p>Cookies de publicidade de terceiros: Para al\u00e9m da publicidade gerida pelo Website nos seus Servi\u00e7os, o Website oferece aos seus anunciantes a op\u00e7\u00e3o de apresentar an\u00fancios atrav\u00e9s de terceiros (&#8220;AdServers&#8221;). Desta forma, estes terceiros podem armazenar os Cookies enviados a partir dos Servi\u00e7os Web provenientes dos navegadores dos Utilizadores, bem como aceder aos dados neles armazenados.<\/p>\n<h3>3. Que cookies utilizamos?<\/h3>\n<p>Os cookies que utilizamos no nosso s\u00edtio web s\u00e3o:<\/p>\n<ul>\n<li>Pr\u00f3prios: S\u00e3o aqueles que s\u00e3o enviados para o equipamento terminal do utilizador a partir de um computador ou dom\u00ednio gerido pelo pr\u00f3prio editor e a partir do qual \u00e9 prestado o servi\u00e7o solicitado pelo utilizador.<br \/>Cookies de sess\u00e3o: estes permitem que as prefer\u00eancias de navega\u00e7\u00e3o do utilizador sejam lembradas durante a visita e at\u00e9 o utilizador fechar o navegador. Actualmente n\u00e3o temos o cookie da sess\u00e3o activo.<br \/>Cookie de consentimento: chama-se &#8220;cooki-monster&#8221; e \u00e9 utilizado para identificar utilizadores que j\u00e1 tenham aceite a nossa pol\u00edtica de cookies.<\/li>\n<\/ul>\n<h3>4. Como desactivar os Cookies?<\/h3>\n<p>\u00c9 normalmente poss\u00edvel deixar de aceitar Cookies do navegador, ou deixar de aceitar Cookies de um determinado Servi\u00e7o.<\/p>\n<p>Todos os browsers modernos permitem-lhe alterar as suas defini\u00e7\u00f5es de cookies. Estas defini\u00e7\u00f5es encontram-se normalmente no menu &#8220;op\u00e7\u00f5es&#8221; ou &#8220;prefer\u00eancias&#8221; do seu navegador. Tambi\u00e9n puedes configurar tu navegador o gestor de correo electr\u00f3nico, as\u00ed como instalar complementos gratuitos para evitar que los Web Bugs se descarguen al abrir un correo electr\u00f3nico.<\/p>\n<p>O Website fornece orienta\u00e7\u00f5es ao Utilizador sobre como aceder ao menu de configura\u00e7\u00e3o de cookies e, quando apropriado, navega\u00e7\u00e3o privada em cada um dos navegadores principais:<\/p>\n<ul>\n<li>Internet Explorer: Ferramentas &#8211; &gt; Op\u00e7\u00f5es de Internet &#8211; &gt; Privacidade &#8211; &gt; Configura\u00e7\u00e3o.<\/li>\n<li>Para mais informa\u00e7\u00f5es, pode consultar o suporte da Microsoft ou a Ajuda do browser.<\/li>\n<li>Firefox: Ferramentas &#8211; &gt; Op\u00e7\u00f5es &#8211; &gt; Privacidade &#8211; &gt; Hist\u00f3ria &#8211; &gt; Configura\u00e7\u00e3o personalizado.<\/li>\n<li>Chrome: Configura\u00e7\u00e3o &#8211; &gt; Mostrar op\u00e7\u00f5es avan\u00e7adas &#8211; &gt; Privacidade &#8211; &gt; Configura\u00e7\u00e3o do conte\u00fado.<\/li>\n<li>Safari: Prefer\u00eancias &#8211; &gt; Seguridade.<\/li>\n<li>Para mais informa\u00e7\u00f5es, pode consultar o suporte Apple ou a Ajuda do browser.<\/li>\n<\/ul>\n<h3>5) A Pol\u00edtica de Cookies pode ser modificada?<\/h3>\n<p>O Website pode modificar esta Pol\u00edtica de Cookies de acordo com requisitos legislativos ou regulamentares, ou para adaptar essa pol\u00edtica \u00e0s instru\u00e7\u00f5es emitidas pela Ag\u00eancia Espanhola de Protec\u00e7\u00e3o de Dados, raz\u00e3o pela qual os utilizadores s\u00e3o aconselhados a visit\u00e1-la periodicamente.<\/p>\n<p>Quando forem feitas altera\u00e7\u00f5es significativas a esta Pol\u00edtica de Cookies, estas ser\u00e3o comunicadas aos utilizadores quer atrav\u00e9s do website, quer por e-mail aos utilizadores registados.<\/p>\n\t\t\t\t\t\t\t\t<\/div>\n\t\t\t\t<\/div>\n\t\t\t\t\t<\/div>\n\t\t<\/div>\n\t\t\t\t\t<\/div>\n\t\t<\/section>\n\t\t\t\t<\/div>\n\t\t","protected":false},"excerpt":{"rendered":"<p>Pol\u00edtica de Cookies 1. O que s\u00e3o cookies? O website da IMAGINA INGENIO S.L. (doravante o Website) utiliza cookies. Os cookies s\u00e3o ficheiros enviados para um navegador por um servidor web para registar as actividades do Utilizador num determinado s\u00edtio web. O principal objectivo dos cookies \u00e9 fornecer ao utilizador um acesso mais r\u00e1pido aos [&hellip;]<\/p>\n","protected":false},"author":1,"featured_media":0,"parent":0,"menu_order":0,"comment_status":"closed","ping_status":"closed","template":"","meta":{"footnotes":""},"class_list":["post-1708","page","type-page","status-publish","hentry"],"yoast_head":"<!-- This site is optimized with the Yoast SEO plugin v26.4 - https:\/\/yoast.com\/wordpress\/plugins\/seo\/ -->\n<title>Pol\u00edtica de Cookies - Imagina Ingenio<\/title>\n<meta name=\"robots\" content=\"index, follow, max-snippet:-1, max-image-preview:large, max-video-preview:-1\" \/>\n<link rel=\"canonical\" href=\"https:\/\/www.imaginaingenio.com\/pt-pt\/politica-de-cookies\/\" \/>\n<meta property=\"og:locale\" content=\"pt_PT\" \/>\n<meta property=\"og:type\" content=\"article\" \/>\n<meta property=\"og:title\" content=\"Pol\u00edtica de Cookies - Imagina Ingenio\" \/>\n<meta property=\"og:description\" content=\"Pol\u00edtica de Cookies 1. O que s\u00e3o cookies? O website da IMAGINA INGENIO S.L. (doravante o Website) utiliza cookies. Os cookies s\u00e3o ficheiros enviados para um navegador por um servidor web para registar as actividades do Utilizador num determinado s\u00edtio web. O principal objectivo dos cookies \u00e9 fornecer ao utilizador um acesso mais r\u00e1pido aos [&hellip;]\" \/>\n<meta property=\"og:url\" content=\"https:\/\/www.imaginaingenio.com\/pt-pt\/politica-de-cookies\/\" \/>\n<meta property=\"og:site_name\" content=\"Imagina Ingenio\" \/>\n<meta property=\"article:publisher\" content=\"https:\/\/www.facebook.com\/imaginaingenio\/\" \/>\n<meta property=\"article:modified_time\" content=\"2022-10-18T12:20:20+00:00\" \/>\n<meta name=\"twitter:card\" content=\"summary_large_image\" \/>\n<meta name=\"twitter:label1\" content=\"Tempo estimado de leitura\" \/>\n\t<meta name=\"twitter:data1\" content=\"7 minutos\" \/>\n<script type=\"application\/ld+json\" class=\"yoast-schema-graph\">{\"@context\":\"https:\/\/schema.org\",\"@graph\":[{\"@type\":\"WebPage\",\"@id\":\"https:\/\/www.imaginaingenio.com\/pt-pt\/politica-de-cookies\/\",\"url\":\"https:\/\/www.imaginaingenio.com\/pt-pt\/politica-de-cookies\/\",\"name\":\"Pol\u00edtica de Cookies - Imagina Ingenio\",\"isPartOf\":{\"@id\":\"https:\/\/www.imaginaingenio.com\/pt-pt\/#website\"},\"datePublished\":\"2022-10-14T07:01:05+00:00\",\"dateModified\":\"2022-10-18T12:20:20+00:00\",\"breadcrumb\":{\"@id\":\"https:\/\/www.imaginaingenio.com\/pt-pt\/politica-de-cookies\/#breadcrumb\"},\"inLanguage\":\"pt-PT\",\"potentialAction\":[{\"@type\":\"ReadAction\",\"target\":[\"https:\/\/www.imaginaingenio.com\/pt-pt\/politica-de-cookies\/\"]}]},{\"@type\":\"BreadcrumbList\",\"@id\":\"https:\/\/www.imaginaingenio.com\/pt-pt\/politica-de-cookies\/#breadcrumb\",\"itemListElement\":[{\"@type\":\"ListItem\",\"position\":1,\"name\":\"Portada\",\"item\":\"https:\/\/www.imaginaingenio.com\/pt-pt\/\"},{\"@type\":\"ListItem\",\"position\":2,\"name\":\"Pol\u00edtica de Cookies\"}]},{\"@type\":\"WebSite\",\"@id\":\"https:\/\/www.imaginaingenio.com\/pt-pt\/#website\",\"url\":\"https:\/\/www.imaginaingenio.com\/pt-pt\/\",\"name\":\"Imagina Ingenio\",\"description\":\"Desarrollo de software y hardware\",\"publisher\":{\"@id\":\"https:\/\/www.imaginaingenio.com\/pt-pt\/#organization\"},\"potentialAction\":[{\"@type\":\"SearchAction\",\"target\":{\"@type\":\"EntryPoint\",\"urlTemplate\":\"https:\/\/www.imaginaingenio.com\/pt-pt\/?s={search_term_string}\"},\"query-input\":{\"@type\":\"PropertyValueSpecification\",\"valueRequired\":true,\"valueName\":\"search_term_string\"}}],\"inLanguage\":\"pt-PT\"},{\"@type\":\"Organization\",\"@id\":\"https:\/\/www.imaginaingenio.com\/pt-pt\/#organization\",\"name\":\"Imagina Ingenio\",\"url\":\"https:\/\/www.imaginaingenio.com\/pt-pt\/\",\"logo\":{\"@type\":\"ImageObject\",\"inLanguage\":\"pt-PT\",\"@id\":\"https:\/\/www.imaginaingenio.com\/pt-pt\/#\/schema\/logo\/image\/\",\"url\":\"\",\"contentUrl\":\"\",\"caption\":\"Imagina Ingenio\"},\"image\":{\"@id\":\"https:\/\/www.imaginaingenio.com\/pt-pt\/#\/schema\/logo\/image\/\"},\"sameAs\":[\"https:\/\/www.facebook.com\/imaginaingenio\/\",\"https:\/\/es.linkedin.com\/company\/imaginaingenio\"]}]}<\/script>\n<!-- \/ Yoast SEO plugin. -->","yoast_head_json":{"title":"Pol\u00edtica de Cookies - Imagina Ingenio","robots":{"index":"index","follow":"follow","max-snippet":"max-snippet:-1","max-image-preview":"max-image-preview:large","max-video-preview":"max-video-preview:-1"},"canonical":"https:\/\/www.imaginaingenio.com\/pt-pt\/politica-de-cookies\/","og_locale":"pt_PT","og_type":"article","og_title":"Pol\u00edtica de Cookies - Imagina Ingenio","og_description":"Pol\u00edtica de Cookies 1. O que s\u00e3o cookies? O website da IMAGINA INGENIO S.L. (doravante o Website) utiliza cookies. Os cookies s\u00e3o ficheiros enviados para um navegador por um servidor web para registar as actividades do Utilizador num determinado s\u00edtio web. O principal objectivo dos cookies \u00e9 fornecer ao utilizador um acesso mais r\u00e1pido aos [&hellip;]","og_url":"https:\/\/www.imaginaingenio.com\/pt-pt\/politica-de-cookies\/","og_site_name":"Imagina Ingenio","article_publisher":"https:\/\/www.facebook.com\/imaginaingenio\/","article_modified_time":"2022-10-18T12:20:20+00:00","twitter_card":"summary_large_image","twitter_misc":{"Tempo estimado de leitura":"7 minutos"},"schema":{"@context":"https:\/\/schema.org","@graph":[{"@type":"WebPage","@id":"https:\/\/www.imaginaingenio.com\/pt-pt\/politica-de-cookies\/","url":"https:\/\/www.imaginaingenio.com\/pt-pt\/politica-de-cookies\/","name":"Pol\u00edtica de Cookies - Imagina Ingenio","isPartOf":{"@id":"https:\/\/www.imaginaingenio.com\/pt-pt\/#website"},"datePublished":"2022-10-14T07:01:05+00:00","dateModified":"2022-10-18T12:20:20+00:00","breadcrumb":{"@id":"https:\/\/www.imaginaingenio.com\/pt-pt\/politica-de-cookies\/#breadcrumb"},"inLanguage":"pt-PT","potentialAction":[{"@type":"ReadAction","target":["https:\/\/www.imaginaingenio.com\/pt-pt\/politica-de-cookies\/"]}]},{"@type":"BreadcrumbList","@id":"https:\/\/www.imaginaingenio.com\/pt-pt\/politica-de-cookies\/#breadcrumb","itemListElement":[{"@type":"ListItem","position":1,"name":"Portada","item":"https:\/\/www.imaginaingenio.com\/pt-pt\/"},{"@type":"ListItem","position":2,"name":"Pol\u00edtica de Cookies"}]},{"@type":"WebSite","@id":"https:\/\/www.imaginaingenio.com\/pt-pt\/#website","url":"https:\/\/www.imaginaingenio.com\/pt-pt\/","name":"Imagina Ingenio","description":"Desarrollo de software y hardware","publisher":{"@id":"https:\/\/www.imaginaingenio.com\/pt-pt\/#organization"},"potentialAction":[{"@type":"SearchAction","target":{"@type":"EntryPoint","urlTemplate":"https:\/\/www.imaginaingenio.com\/pt-pt\/?s={search_term_string}"},"query-input":{"@type":"PropertyValueSpecification","valueRequired":true,"valueName":"search_term_string"}}],"inLanguage":"pt-PT"},{"@type":"Organization","@id":"https:\/\/www.imaginaingenio.com\/pt-pt\/#organization","name":"Imagina Ingenio","url":"https:\/\/www.imaginaingenio.com\/pt-pt\/","logo":{"@type":"ImageObject","inLanguage":"pt-PT","@id":"https:\/\/www.imaginaingenio.com\/pt-pt\/#\/schema\/logo\/image\/","url":"","contentUrl":"","caption":"Imagina Ingenio"},"image":{"@id":"https:\/\/www.imaginaingenio.com\/pt-pt\/#\/schema\/logo\/image\/"},"sameAs":["https:\/\/www.facebook.com\/imaginaingenio\/","https:\/\/es.linkedin.com\/company\/imaginaingenio"]}]}},"_links":{"self":[{"href":"https:\/\/www.imaginaingenio.com\/pt-pt\/wp-json\/wp\/v2\/pages\/1708","targetHints":{"allow":["GET"]}}],"collection":[{"href":"https:\/\/www.imaginaingenio.com\/pt-pt\/wp-json\/wp\/v2\/pages"}],"about":[{"href":"https:\/\/www.imaginaingenio.com\/pt-pt\/wp-json\/wp\/v2\/types\/page"}],"author":[{"embeddable":true,"href":"https:\/\/www.imaginaingenio.com\/pt-pt\/wp-json\/wp\/v2\/users\/1"}],"replies":[{"embeddable":true,"href":"https:\/\/www.imaginaingenio.com\/pt-pt\/wp-json\/wp\/v2\/comments?post=1708"}],"version-history":[{"count":1,"href":"https:\/\/www.imaginaingenio.com\/pt-pt\/wp-json\/wp\/v2\/pages\/1708\/revisions"}],"predecessor-version":[{"id":1709,"href":"https:\/\/www.imaginaingenio.com\/pt-pt\/wp-json\/wp\/v2\/pages\/1708\/revisions\/1709"}],"wp:attachment":[{"href":"https:\/\/www.imaginaingenio.com\/pt-pt\/wp-json\/wp\/v2\/media?parent=1708"}],"curies":[{"name":"wp","href":"https:\/\/api.w.org\/{rel}","templated":true}]}}