{"id":1716,"date":"2022-09-05T10:49:05","date_gmt":"2022-09-05T09:49:05","guid":{"rendered":"https:\/\/www.web.imaginaingenio.com\/datenschutzbestimmungen\/"},"modified":"2023-02-02T12:03:25","modified_gmt":"2023-02-02T11:03:25","slug":"datenschutzbestimmungen","status":"publish","type":"page","link":"https:\/\/www.imaginaingenio.com\/de\/datenschutzbestimmungen\/","title":{"rendered":"Datenschutzbestimmungen"},"content":{"rendered":"\t\t<div data-elementor-type=\"wp-page\" data-elementor-id=\"1716\" class=\"elementor elementor-1716\" data-elementor-post-type=\"page\">\n\t\t\t\t\t\t<section class=\"elementor-section elementor-top-section elementor-element elementor-element-40f4c255 elementor-section-boxed elementor-section-height-default elementor-section-height-default\" data-id=\"40f4c255\" data-element_type=\"section\" data-e-type=\"section\">\n\t\t\t\t\t\t<div class=\"elementor-container elementor-column-gap-default\">\n\t\t\t\t\t<div class=\"elementor-column elementor-col-100 elementor-top-column elementor-element elementor-element-79bd6e51\" data-id=\"79bd6e51\" data-element_type=\"column\" data-e-type=\"column\">\n\t\t\t<div class=\"elementor-widget-wrap elementor-element-populated\">\n\t\t\t\t\t\t<div class=\"elementor-element elementor-element-28186e3 elementor-widget elementor-widget-heading\" data-id=\"28186e3\" data-element_type=\"widget\" data-e-type=\"widget\" data-widget_type=\"heading.default\">\n\t\t\t\t<div class=\"elementor-widget-container\">\n\t\t\t\t\t<p class=\"elementor-heading-title elementor-size-default\">Datenschutzbestimmungen<\/p>\t\t\t\t<\/div>\n\t\t\t\t<\/div>\n\t\t\t\t<div class=\"elementor-element elementor-element-5c9f3d98 elementor-widget elementor-widget-text-editor\" data-id=\"5c9f3d98\" data-element_type=\"widget\" data-e-type=\"widget\" data-widget_type=\"text-editor.default\">\n\t\t\t\t<div class=\"elementor-widget-container\">\n\t\t\t\t\t\t\t\t\t\n<div class=\"table-responsive\">\n<table class=\"table table-bordered\">\n<tbody>\n<tr>\n<td>ZUST\u00c4NDIG<\/td>\n<td>IMAGINA INGENIO S.L.<\/td>\n<\/tr>\n<tr>\n<td>HAUPTZWECK<\/td>\n<td>Management der Gesch\u00e4fts-\/Berufsbeziehungen<\/td>\n<\/tr>\n<tr>\n<td>LEGITIMIT\u00c4T<\/td>\n<td>Einwilligung der betroffenen Person\/Ausf\u00fchrung eines Vertrags<\/td>\n<\/tr>\n<tr>\n<td>LEGITIMIT\u00c4T<\/td>\n<td>Eine Weitergabe von Daten an Dritte erfolgt nicht, es sei denn, dass wir dazu ausdr\u00fccklich berechtigt oder gesetzlich verpflichtet sind.<\/td>\n<\/tr>\n<tr>\n<td>RECHTE<\/td>\n<td>Zugang, Berichtigung und L\u00f6schung von Daten, Daten\u00fcbertragbarkeit, Einschr\u00e4nkung der Datenverarbeitung oder Widerspruch dagegen, Transparenz und das Recht, keinen automatisierten Entscheidungen unterworfen zu werden.<\/td>\n<\/tr>\n<tr>\n<td>ZUS\u00c4TZLICHE INFORMATIONEN<\/td>\n<td>Weitere ausf\u00fchrliche Informationen \u00fcber unsere Datenschutzrichtlinie finden <a href=\"http:\/\/imaginaingenio.eu\/politicadeprivacidad\">Sie hier.<\/a><\/td>\n<\/tr>\n<\/tbody>\n<\/table>\n<\/div>\n<div class=\"space30\"> <\/div>\n<p>Im Einklang mit den Grunds\u00e4tzen der Rechtm\u00e4\u00dfigkeit, Fairness und Transparenz stellen wir Ihnen diese Datenschutzrichtlinie zur Verf\u00fcgung.<\/p>\n<h3>Wer ist der f\u00fcr die Verarbeitung Ihrer Daten Verantwortliche?<\/h3>\n<p>IMAGINA INGENIO S.L.<br>CIF: B94042710<br>EINGETRAGENER SITZ : CALLE RIO TAMBRE, 19, CP 36005 POIO, PONTEVEDRA, SPANIEN<br>Email: <a href=\"mailto:info@imaginaingenio.com\">info@imaginaingenio.com<\/a><br>Telefon: 986 11 16 66<\/p>\n<h3>Zu welchen Zwecken verarbeiten wir Ihre personenbezogenen Daten?<\/h3>\n<p>IMAGINA INGENIO S.L. verarbeitet die Daten, die Sie uns zur Verf\u00fcgung stellen, um die vertragliche Beziehung zwischen uns zu verwalten, um die Zusendung der von Ihnen angeforderten Informationen zu verwalten und um Interessenten Angebote f\u00fcr unsere Dienstleistungen und\/oder Produkte, die f\u00fcr sie von Interesse sind, zu unterbreiten.<\/p>\n<h3>Wie lange werden wir Ihre personenbezogenen Daten aufbewahren?<\/h3>\n<p>Ihre Daten werden so lange aufbewahrt, wie es f\u00fcr die ordnungsgem\u00e4\u00dfe Erbringung der angebotenen Dienstleistung sowie f\u00fcr die Erf\u00fcllung der sich daraus ergebenden Verpflichtungen und sonstigen rechtlichen Anforderungen erforderlich ist.<\/p>\n<h3>Wodurch wird die Verarbeitung Ihrer Daten legitimiert?<\/h3>\n<p>Die Rechtsgrundlage f\u00fcr die Verarbeitung Ihrer personenbezogenen Daten kann die Erf\u00fcllung eines m\u00f6glichen und\/oder abgeschlossenen Vertragsverh\u00e4ltnisses, ein berechtigtes Interesse, eine gesetzliche Erm\u00e4chtigung und\/oder die Einwilligung der betroffenen Person selbst sein. Die von uns angeforderten Daten sind angemessen, sachdienlich und unbedingt erforderlich, und Sie sind keinesfalls verpflichtet, sie zur Verf\u00fcgung zu stellen, aber die Nichtbereitstellung dieser Daten kann den Zweck der Dienstleistung beeintr\u00e4chtigen oder ihre Bereitstellung unm\u00f6glich machen.<\/p>\n<h3>An welche Empf\u00e4nger werden Ihre Daten weitergegeben?<\/h3>\n<p>IMAGINA INGENIO S.L. wird Ihre Daten nicht an Dritte weitergeben, es sei denn, Sie werden ausdr\u00fccklich dar\u00fcber informiert.<\/p>\n<h3>Welche Rechte haben Sie, wenn Sie uns Ihre Daten zur Verf\u00fcgung stellen?<\/h3>\n<p>Die betroffenen Personen haben folgende Rechte in Bezug auf den Datenschutz:<\/p>\n<ul>\n<li>Recht auf Auskunft \u00fcber die personenbezogenen Daten der betroffenen Person<\/li>\n<li>Recht auf Berichtigung oder L\u00f6schung<\/li>\n<li>Recht auf Widerspruch<\/li>\n<li>Recht, die Einschr\u00e4nkung der Verarbeitung zu verlangen<\/li>\n<li>Recht auf Daten\u00fcbertragbarkeit<\/li>\n<\/ul>\n<p>Die Inhaber der erhaltenen pers\u00f6nlichen Daten k\u00f6nnen ihre Rechte zum Schutz der pers\u00f6nlichen Daten aus\u00fcben, indem sie eine schriftliche Mitteilung an den Sitz von IMAGINA INGENIO S.L. oder an die zu diesem Zweck angegebene E-Mail-Adresse senden, <a href=\"mailto:info@imaginaingenio.com\">info@imaginaingenio.com<\/a>In beiden F\u00e4llen f\u00fcgen Sie bitte eine Fotokopie Ihres Personalausweises oder eines anderen gleichwertigen Ausweisdokuments bei. Muster, Formulare und weitere Informationen \u00fcber Ihre Rechte finden Sie auf der Website der nationalen Aufsichtsbeh\u00f6rde, der Agencia Espa\u00f1ola de Protecci\u00f3n de Datos (AEPD), <a href=\"https:\/\/imaginaingenio.es\/politicadeprivacidad\/www.agpd.es\" target=\"_blank\" rel=\"noopener\">www.agpd.es<\/a>.<\/p>\n<p> <\/p>\n<h3>Kann ich meine Zustimmung zur\u00fcckziehen?<\/h3>\n<p>Sie haben die M\u00f6glichkeit und das Recht, Ihre zu einem bestimmten Zeitpunkt erteilte Einwilligung f\u00fcr einen bestimmten Zweck zu widerrufen, ohne dass die Rechtm\u00e4\u00dfigkeit der auf der Einwilligung beruhenden Verarbeitung vor deren Widerruf ber\u00fchrt wird.<\/p>\n<h3>Wo kann ich mich beschweren, wenn ich das Gef\u00fchl habe, dass meine Daten nicht korrekt behandelt werden?<\/h3>\n<p>Wenn ein Betroffener der Meinung ist, dass seine Daten von IMAGINA INGENIO S.L. nicht korrekt behandelt werden, kann er seine Beschwerde an <a href=\"mailto:info@imaginaingenio.com\">info@imaginaingenio.com<\/a> oder an die entsprechende Datenschutzbeh\u00f6rde richten, wobei die AEPD diejenige ist, die im nationalen Hoheitsgebiet angegeben ist, <a href=\"https:\/\/imaginaingenio.es\/politicadeprivacidad\/www.agpd.es\" target=\"_blank\" rel=\"noopener\">www.agpd.es<\/a>.<\/p>\n<h3>Sicherheit und Aktualisierung Ihrer pers\u00f6nlichen Daten<\/h3>\n<p>Um die Sicherheit Ihrer pers\u00f6nlichen Daten zu gew\u00e4hrleisten, teilen wir Ihnen mit, dass IMAGINA INGENIO S.L. alle notwendigen technischen und organisatorischen Ma\u00dfnahmen ergriffen hat, um die Sicherheit der \u00fcbermittelten pers\u00f6nlichen Daten zu garantieren. All dies dient dazu, ihre Ver\u00e4nderung, ihren Verlust und\/oder ihre unbefugte Verarbeitung oder ihren Zugang zu verhindern, wie es das Gesetz vorschreibt, obwohl es keine absolute Sicherheit gibt.<\/p>\n<p>Damit wir Ihre pers\u00f6nlichen Daten auf dem neuesten Stand halten k\u00f6nnen, ist es wichtig, dass Sie uns informieren, wenn sich Ihre pers\u00f6nlichen Daten ge\u00e4ndert haben.<\/p>\n<h3>Vertraulichkeit<\/h3>\n<p>IMAGINA INGENIO S.L. informiert Sie dar\u00fcber, dass Ihre Daten von allen an der Verarbeitung beteiligten Personen mit gr\u00f6\u00dfter Sorgfalt und Vertraulichkeit behandelt werden. Wir werden Ihre Daten nicht an Dritte weitergeben oder \u00fcbermitteln, au\u00dfer in den gesetzlich vorgesehenen F\u00e4llen oder wenn der Betroffene uns ausdr\u00fccklich dazu erm\u00e4chtigt hat.<\/p>\n\t\t\t\t\t\t\t\t<\/div>\n\t\t\t\t<\/div>\n\t\t\t\t\t<\/div>\n\t\t<\/div>\n\t\t\t\t\t<\/div>\n\t\t<\/section>\n\t\t\t\t<\/div>\n\t\t","protected":false},"excerpt":{"rendered":"<p>Datenschutzbestimmungen ZUST\u00c4NDIG IMAGINA INGENIO S.L. HAUPTZWECK Management der Gesch\u00e4fts-\/Berufsbeziehungen LEGITIMIT\u00c4T Einwilligung der betroffenen Person\/Ausf\u00fchrung eines Vertrags LEGITIMIT\u00c4T Eine Weitergabe von Daten an Dritte erfolgt nicht, es sei denn, dass wir dazu ausdr\u00fccklich berechtigt oder gesetzlich verpflichtet sind. RECHTE Zugang, Berichtigung und L\u00f6schung von Daten, Daten\u00fcbertragbarkeit, Einschr\u00e4nkung der Datenverarbeitung oder Widerspruch dagegen, Transparenz und das Recht, [&hellip;]<\/p>\n","protected":false},"author":1,"featured_media":0,"parent":0,"menu_order":0,"comment_status":"closed","ping_status":"closed","template":"","meta":{"footnotes":""},"class_list":["post-1716","page","type-page","status-publish","hentry"],"yoast_head":"<!-- This site is optimized with the Yoast SEO plugin v26.4 - https:\/\/yoast.com\/wordpress\/plugins\/seo\/ -->\n<title>Datenschutzbestimmungen - Imagina Ingenio<\/title>\n<meta name=\"robots\" content=\"index, follow, max-snippet:-1, max-image-preview:large, max-video-preview:-1\" \/>\n<link rel=\"canonical\" href=\"https:\/\/www.imaginaingenio.com\/de\/datenschutzbestimmungen\/\" \/>\n<meta property=\"og:locale\" content=\"de_DE\" \/>\n<meta property=\"og:type\" content=\"article\" \/>\n<meta property=\"og:title\" content=\"Datenschutzbestimmungen - Imagina Ingenio\" \/>\n<meta property=\"og:description\" content=\"Datenschutzbestimmungen ZUST\u00c4NDIG IMAGINA INGENIO S.L. HAUPTZWECK Management der Gesch\u00e4fts-\/Berufsbeziehungen LEGITIMIT\u00c4T Einwilligung der betroffenen Person\/Ausf\u00fchrung eines Vertrags LEGITIMIT\u00c4T Eine Weitergabe von Daten an Dritte erfolgt nicht, es sei denn, dass wir dazu ausdr\u00fccklich berechtigt oder gesetzlich verpflichtet sind. RECHTE Zugang, Berichtigung und L\u00f6schung von Daten, Daten\u00fcbertragbarkeit, Einschr\u00e4nkung der Datenverarbeitung oder Widerspruch dagegen, Transparenz und das Recht, [&hellip;]\" \/>\n<meta property=\"og:url\" content=\"https:\/\/www.imaginaingenio.com\/de\/datenschutzbestimmungen\/\" \/>\n<meta property=\"og:site_name\" content=\"Imagina Ingenio\" \/>\n<meta property=\"article:publisher\" content=\"https:\/\/www.facebook.com\/imaginaingenio\/\" \/>\n<meta property=\"article:modified_time\" content=\"2023-02-02T11:03:25+00:00\" \/>\n<meta name=\"twitter:card\" content=\"summary_large_image\" \/>\n<meta name=\"twitter:label1\" content=\"Gesch\u00e4tzte Lesezeit\" \/>\n\t<meta name=\"twitter:data1\" content=\"4\u00a0Minuten\" \/>\n<script type=\"application\/ld+json\" class=\"yoast-schema-graph\">{\"@context\":\"https:\/\/schema.org\",\"@graph\":[{\"@type\":\"WebPage\",\"@id\":\"https:\/\/www.imaginaingenio.com\/de\/datenschutzbestimmungen\/\",\"url\":\"https:\/\/www.imaginaingenio.com\/de\/datenschutzbestimmungen\/\",\"name\":\"Datenschutzbestimmungen - Imagina Ingenio\",\"isPartOf\":{\"@id\":\"https:\/\/www.imaginaingenio.com\/#website\"},\"datePublished\":\"2022-09-05T09:49:05+00:00\",\"dateModified\":\"2023-02-02T11:03:25+00:00\",\"breadcrumb\":{\"@id\":\"https:\/\/www.imaginaingenio.com\/de\/datenschutzbestimmungen\/#breadcrumb\"},\"inLanguage\":\"de\",\"potentialAction\":[{\"@type\":\"ReadAction\",\"target\":[\"https:\/\/www.imaginaingenio.com\/de\/datenschutzbestimmungen\/\"]}]},{\"@type\":\"BreadcrumbList\",\"@id\":\"https:\/\/www.imaginaingenio.com\/de\/datenschutzbestimmungen\/#breadcrumb\",\"itemListElement\":[{\"@type\":\"ListItem\",\"position\":1,\"name\":\"Portada\",\"item\":\"https:\/\/www.imaginaingenio.com\/de\/\"},{\"@type\":\"ListItem\",\"position\":2,\"name\":\"Datenschutzbestimmungen\"}]},{\"@type\":\"WebSite\",\"@id\":\"https:\/\/www.imaginaingenio.com\/#website\",\"url\":\"https:\/\/www.imaginaingenio.com\/\",\"name\":\"Imagina Ingenio\",\"description\":\"Desarrollo de software y hardware\",\"publisher\":{\"@id\":\"https:\/\/www.imaginaingenio.com\/#organization\"},\"potentialAction\":[{\"@type\":\"SearchAction\",\"target\":{\"@type\":\"EntryPoint\",\"urlTemplate\":\"https:\/\/www.imaginaingenio.com\/?s={search_term_string}\"},\"query-input\":{\"@type\":\"PropertyValueSpecification\",\"valueRequired\":true,\"valueName\":\"search_term_string\"}}],\"inLanguage\":\"de\"},{\"@type\":\"Organization\",\"@id\":\"https:\/\/www.imaginaingenio.com\/#organization\",\"name\":\"Imagina Ingenio\",\"url\":\"https:\/\/www.imaginaingenio.com\/\",\"logo\":{\"@type\":\"ImageObject\",\"inLanguage\":\"de\",\"@id\":\"https:\/\/www.imaginaingenio.com\/#\/schema\/logo\/image\/\",\"url\":\"\",\"contentUrl\":\"\",\"caption\":\"Imagina Ingenio\"},\"image\":{\"@id\":\"https:\/\/www.imaginaingenio.com\/#\/schema\/logo\/image\/\"},\"sameAs\":[\"https:\/\/www.facebook.com\/imaginaingenio\/\",\"https:\/\/es.linkedin.com\/company\/imaginaingenio\"]}]}<\/script>\n<!-- \/ Yoast SEO plugin. -->","yoast_head_json":{"title":"Datenschutzbestimmungen - Imagina Ingenio","robots":{"index":"index","follow":"follow","max-snippet":"max-snippet:-1","max-image-preview":"max-image-preview:large","max-video-preview":"max-video-preview:-1"},"canonical":"https:\/\/www.imaginaingenio.com\/de\/datenschutzbestimmungen\/","og_locale":"de_DE","og_type":"article","og_title":"Datenschutzbestimmungen - Imagina Ingenio","og_description":"Datenschutzbestimmungen ZUST\u00c4NDIG IMAGINA INGENIO S.L. HAUPTZWECK Management der Gesch\u00e4fts-\/Berufsbeziehungen LEGITIMIT\u00c4T Einwilligung der betroffenen Person\/Ausf\u00fchrung eines Vertrags LEGITIMIT\u00c4T Eine Weitergabe von Daten an Dritte erfolgt nicht, es sei denn, dass wir dazu ausdr\u00fccklich berechtigt oder gesetzlich verpflichtet sind. RECHTE Zugang, Berichtigung und L\u00f6schung von Daten, Daten\u00fcbertragbarkeit, Einschr\u00e4nkung der Datenverarbeitung oder Widerspruch dagegen, Transparenz und das Recht, [&hellip;]","og_url":"https:\/\/www.imaginaingenio.com\/de\/datenschutzbestimmungen\/","og_site_name":"Imagina Ingenio","article_publisher":"https:\/\/www.facebook.com\/imaginaingenio\/","article_modified_time":"2023-02-02T11:03:25+00:00","twitter_card":"summary_large_image","twitter_misc":{"Gesch\u00e4tzte Lesezeit":"4\u00a0Minuten"},"schema":{"@context":"https:\/\/schema.org","@graph":[{"@type":"WebPage","@id":"https:\/\/www.imaginaingenio.com\/de\/datenschutzbestimmungen\/","url":"https:\/\/www.imaginaingenio.com\/de\/datenschutzbestimmungen\/","name":"Datenschutzbestimmungen - Imagina Ingenio","isPartOf":{"@id":"https:\/\/www.imaginaingenio.com\/#website"},"datePublished":"2022-09-05T09:49:05+00:00","dateModified":"2023-02-02T11:03:25+00:00","breadcrumb":{"@id":"https:\/\/www.imaginaingenio.com\/de\/datenschutzbestimmungen\/#breadcrumb"},"inLanguage":"de","potentialAction":[{"@type":"ReadAction","target":["https:\/\/www.imaginaingenio.com\/de\/datenschutzbestimmungen\/"]}]},{"@type":"BreadcrumbList","@id":"https:\/\/www.imaginaingenio.com\/de\/datenschutzbestimmungen\/#breadcrumb","itemListElement":[{"@type":"ListItem","position":1,"name":"Portada","item":"https:\/\/www.imaginaingenio.com\/de\/"},{"@type":"ListItem","position":2,"name":"Datenschutzbestimmungen"}]},{"@type":"WebSite","@id":"https:\/\/www.imaginaingenio.com\/#website","url":"https:\/\/www.imaginaingenio.com\/","name":"Imagina Ingenio","description":"Desarrollo de software y hardware","publisher":{"@id":"https:\/\/www.imaginaingenio.com\/#organization"},"potentialAction":[{"@type":"SearchAction","target":{"@type":"EntryPoint","urlTemplate":"https:\/\/www.imaginaingenio.com\/?s={search_term_string}"},"query-input":{"@type":"PropertyValueSpecification","valueRequired":true,"valueName":"search_term_string"}}],"inLanguage":"de"},{"@type":"Organization","@id":"https:\/\/www.imaginaingenio.com\/#organization","name":"Imagina Ingenio","url":"https:\/\/www.imaginaingenio.com\/","logo":{"@type":"ImageObject","inLanguage":"de","@id":"https:\/\/www.imaginaingenio.com\/#\/schema\/logo\/image\/","url":"","contentUrl":"","caption":"Imagina Ingenio"},"image":{"@id":"https:\/\/www.imaginaingenio.com\/#\/schema\/logo\/image\/"},"sameAs":["https:\/\/www.facebook.com\/imaginaingenio\/","https:\/\/es.linkedin.com\/company\/imaginaingenio"]}]}},"_links":{"self":[{"href":"https:\/\/www.imaginaingenio.com\/de\/wp-json\/wp\/v2\/pages\/1716","targetHints":{"allow":["GET"]}}],"collection":[{"href":"https:\/\/www.imaginaingenio.com\/de\/wp-json\/wp\/v2\/pages"}],"about":[{"href":"https:\/\/www.imaginaingenio.com\/de\/wp-json\/wp\/v2\/types\/page"}],"author":[{"embeddable":true,"href":"https:\/\/www.imaginaingenio.com\/de\/wp-json\/wp\/v2\/users\/1"}],"replies":[{"embeddable":true,"href":"https:\/\/www.imaginaingenio.com\/de\/wp-json\/wp\/v2\/comments?post=1716"}],"version-history":[{"count":2,"href":"https:\/\/www.imaginaingenio.com\/de\/wp-json\/wp\/v2\/pages\/1716\/revisions"}],"predecessor-version":[{"id":2615,"href":"https:\/\/www.imaginaingenio.com\/de\/wp-json\/wp\/v2\/pages\/1716\/revisions\/2615"}],"wp:attachment":[{"href":"https:\/\/www.imaginaingenio.com\/de\/wp-json\/wp\/v2\/media?parent=1716"}],"curies":[{"name":"wp","href":"https:\/\/api.w.org\/{rel}","templated":true}]}}