{"id":1710,"date":"2022-10-14T08:01:05","date_gmt":"2022-10-14T07:01:05","guid":{"rendered":"https:\/\/www.web.imaginaingenio.com\/cookie-richtlinie\/"},"modified":"2022-10-18T13:37:46","modified_gmt":"2022-10-18T12:37:46","slug":"cookie-richtlinie","status":"publish","type":"page","link":"https:\/\/www.imaginaingenio.com\/de\/cookie-richtlinie\/","title":{"rendered":"Cookie-Richtlinie"},"content":{"rendered":"\t\t<div data-elementor-type=\"wp-page\" data-elementor-id=\"1710\" class=\"elementor elementor-1710 elementor-1275\">\n\t\t\t\t\t\t<section class=\"elementor-section elementor-top-section elementor-element elementor-element-40f4c255 elementor-section-boxed elementor-section-height-default elementor-section-height-default\" data-id=\"40f4c255\" data-element_type=\"section\">\n\t\t\t\t\t\t<div class=\"elementor-container elementor-column-gap-default\">\n\t\t\t\t\t<div class=\"elementor-column elementor-col-100 elementor-top-column elementor-element elementor-element-79bd6e51\" data-id=\"79bd6e51\" data-element_type=\"column\">\n\t\t\t<div class=\"elementor-widget-wrap elementor-element-populated\">\n\t\t\t\t\t\t<div class=\"elementor-element elementor-element-28186e3 elementor-widget elementor-widget-heading\" data-id=\"28186e3\" data-element_type=\"widget\" data-widget_type=\"heading.default\">\n\t\t\t\t<div class=\"elementor-widget-container\">\n\t\t\t\t\t<p class=\"elementor-heading-title elementor-size-default\">Cookie-Richtlinie<\/p>\t\t\t\t<\/div>\n\t\t\t\t<\/div>\n\t\t\t\t<div class=\"elementor-element elementor-element-5c9f3d98 elementor-widget elementor-widget-text-editor\" data-id=\"5c9f3d98\" data-element_type=\"widget\" data-widget_type=\"text-editor.default\">\n\t\t\t\t<div class=\"elementor-widget-container\">\n\t\t\t\t\t\t\t\t\t<h3>1. Was sind Cookies?<\/h3>\n<p>Die Website von IMAGINA INGENIO S.L. (nachstehend die Website) verwendet Cookies. Cookies sind Dateien, die von einem Webserver an einen Browser gesendet werden, um die Aktivit\u00e4ten des Nutzers auf einer bestimmten Website aufzuzeichnen. Der Hauptzweck von Cookies besteht darin, dem Nutzer einen schnelleren Zugang zu den ausgew\u00e4hlten Diensten zu erm\u00f6glichen. Dar\u00fcber hinaus personalisieren Cookies die von der Website angebotenen Dienste, indem sie jedem Nutzer Informationen liefern und anbieten, die f\u00fcr ihn von Interesse sind oder sein k\u00f6nnten, basierend auf seiner Nutzung der Dienste.<\/p>\n<p>Die Website verwendet Cookies, um das Surferlebnis des Nutzers so weit wie m\u00f6glich zu personalisieren und zu erleichtern. Cookies werden nur mit einem anonymen Benutzer und seinem Computer in Verbindung gebracht und liefern keine Hinweise, die R\u00fcckschl\u00fcsse auf die pers\u00f6nlichen Daten des Benutzers zulassen. Der Nutzer kann seinen Browser so konfigurieren, dass er die Installation von Cookies, die von der Website gesendet werden, meldet und ablehnt, ohne dass dies die M\u00f6glichkeit des Nutzers beeintr\u00e4chtigt, auf die Inhalte der Website zuzugreifen. Wir m\u00f6chten jedoch darauf hinweisen, dass die Leistung der Website in jedem Fall abnehmen kann.<\/p>\n<p>Registrierte oder eingeloggte Nutzer k\u00f6nnen dank der Kombination der in den Cookies gespeicherten Daten mit den bei der Registrierung verwendeten personenbezogenen Daten von st\u00e4rker personalisierten und gezielten Diensten profitieren. Diese Nutzer genehmigen ausdr\u00fccklich die Verwendung dieser Informationen f\u00fcr den oben genannten Zweck, unbeschadet ihres Rechts, die Verwendung von Cookies abzulehnen oder zu deaktivieren.<\/p>\n<p>Ebenso wird das Web in der Lage sein, alle von den Nutzern angeforderten Dienste zu kennen, so dass sie Informationen bereitstellen oder anbieten k\u00f6nnen, die dem Geschmack und den Vorlieben der einzelnen Nutzer entsprechen.<\/p>\n<h3>2. Welche Arten von Cookies gibt es?<\/h3>\n<p>Cookies k\u00f6nnen je nach ihrer Dauerhaftigkeit unterteilt werden in:<\/p>\n<ul>\n<li>Sitzungscookies: Sitzungscookies verfallen, wenn der Nutzer den Browser schlie\u00dft.<\/li>\n<li>Dauerhafte Cookies. Letztere verfallen, wenn der Zweck, f\u00fcr den sie verwendet werden, erf\u00fcllt ist (z. B. damit der Nutzer bei den Diensten angemeldet bleibt) oder wenn sie manuell gel\u00f6scht werden.<\/li>\n<\/ul>\n<p>Au\u00dferdem k\u00f6nnen Cookies je nach ihrem Zweck wie folgt klassifiziert werden:<\/p>\n<ul>\n<li>Leistungs-Cookies: Diese Art von Cookie speichert Ihre Pr\u00e4ferenzen f\u00fcr die Tools in den Diensten, so dass Sie den Dienst nicht jedes Mal neu konfigurieren m\u00fcssen, wenn Sie ihn besuchen. Zu dieser Typologie geh\u00f6ren zum Beispiel:<br \/>&#8211; Lautst\u00e4rkeeinstellungen von Video- oder Soundplayern.<br \/>&#8211; Video-Bitraten, die mit Ihrem Browser kompatibel sind.<\/li>\n<li>Geo-Standort-Cookies: Diese Cookies werden verwendet, um herauszufinden, in welchem Land Sie sich befinden, wenn Sie einen Dienst anfordern. Dieses Cookie ist v\u00f6llig anonym und wird nur dazu verwendet, Inhalte auf Ihren Standort abzustimmen.<\/li>\n<li>Registrierungs-Cookies: Registrierungs-Cookies werden generiert, sobald sich der Nutzer registriert oder anschlie\u00dfend eingeloggt hat, und werden verwendet, um Sie in den Diensten f\u00fcr die folgenden Zwecke zu identifizieren:<br \/>&#8211; Die Identifizierung des Nutzers wird beibehalten, so dass er, wenn er einen Dienst, den Browser oder den Computer schlie\u00dft und zu einem anderen Zeitpunkt oder an einem anderen Tag den Dienst erneut aufruft, weiterhin identifiziert wird, was die Navigation erleichtert, ohne sich erneut identifizieren zu m\u00fcssen. Diese Funktion kann gel\u00f6scht werden, wenn der Nutzer auf die Funktion &#8222;Abmelden&#8220; klickt, so dass dieses Cookie gel\u00f6scht wird und der Nutzer sich beim n\u00e4chsten Besuch des Dienstes anmelden muss, um identifiziert zu werden.<br \/>&#8211; Pr\u00fcfen Sie, ob der Nutzer berechtigt ist, auf bestimmte Dienste zuzugreifen, z. B. um an einem Gewinnspiel teilzunehmen.<\/li>\n<li>Analytische Cookies: Jedes Mal, wenn ein Nutzer einen Dienst besucht, wird auf dem Computer des Nutzers ein analytisches Cookie von einem Tool eines externen Anbieters erzeugt. Dieses Cookie, das nur w\u00e4hrend des Besuchs generiert wird, wird bei k\u00fcnftigen Besuchen der Webdienste zur anonymen Identifizierung des Besuchers verwendet. Die wichtigsten Ziele, die verfolgt werden sollen, sind:<br \/>&#8211; Erm\u00f6glicht die anonyme Identifizierung von Browsing-Nutzern durch das &#8222;Cookie&#8220; (identifiziert Browser und Ger\u00e4te, nicht Personen) und damit die ungef\u00e4hre Z\u00e4hlung der Anzahl der Besucher und deren Entwicklung im Laufe der Zeit.<br \/>&#8211; Anonyme Identifizierung der meistbesuchten und damit f\u00fcr die Nutzer attraktivsten Inhalte.<br \/>&#8211; Um zu wissen, ob der Benutzer, der auf die Website zugreift, ein neuer oder ein wiederholter Besucher ist.<br \/>&#8211; Wichtig: Sofern sich der Nutzer nicht f\u00fcr einen Webdienst registriert, wird das &#8222;Cookie&#8220; niemals mit pers\u00f6nlichen Daten verkn\u00fcpft, die ihn identifizieren k\u00f6nnten. Diese Cookies werden nur zu statistischen Zwecken verwendet, um die Nutzererfahrung auf der Website zu optimieren.<\/li>\n<\/ul>\n<p>Cookies f\u00fcr verhaltensbasierte Werbung: Diese Art von &#8222;Cookies&#8220; erm\u00f6glicht es, die Informationen \u00fcber die jedem anonymen Nutzer in den Webdiensten angezeigte Werbung zu erweitern. Gespeichert werden u.a. die Dauer oder H\u00e4ufigkeit der Betrachtung von Werbepositionen, die Interaktion mit ihnen oder das Browsing- bzw. Sharing-Verhalten des Nutzers, da sie zur Erstellung eines Werbeinteressenprofils beitragen. Auf diese Weise erm\u00f6glichen sie es, Werbung anzubieten, die auf die Interessen der Nutzer zugeschnitten ist.<\/p>\n<p>Cookies f\u00fcr Werbung von Dritten: Zus\u00e4tzlich zu der von der Website in ihren Diensten verwalteten Werbung bietet die Website ihren Werbetreibenden die M\u00f6glichkeit, Anzeigen \u00fcber Dritte (&#8222;AdServer&#8220;) zu schalten. Auf diese Weise k\u00f6nnen diese Dritten die von den Webdiensten gesendeten Cookies in den Browsern der Nutzer speichern und auf die darin gespeicherten Daten zugreifen.<\/p>\n<h3>3. Welche Cookies verwenden wir?<\/h3>\n<p>Die Cookies, die wir auf unserer Website verwenden, sind:<\/p>\n<ul>\n<li>Eigene: Diese werden von einem Computer oder einer Dom\u00e4ne, die vom Herausgeber selbst verwaltet wird und von der aus der vom Benutzer angeforderte Dienst erbracht wird, an das Endger\u00e4t des Benutzers gesendet.<br \/>Sitzungscookies: Diese erm\u00f6glichen es, die Browsereinstellungen des Nutzers f\u00fcr die Dauer des Besuchs und bis zum Schlie\u00dfen des Browsers zu speichern. Das Session-Cookie ist derzeit nicht aktiv.<br \/>Zustimmungs-Cookie: Er hei\u00dft &#8222;cooki-monster&#8220; und wird verwendet, um Nutzer zu identifizieren, die unsere Cookie-Politik bereits akzeptiert haben.<\/li>\n<\/ul>\n<h3>4. Wie kann man Cookies deaktivieren?<\/h3>\n<p>In der Regel ist es m\u00f6glich, die Annahme von Browser-Cookies oder die Annahme von Cookies eines bestimmten Dienstes zu unterbinden.<\/p>\n<p>Bei allen modernen Browsern k\u00f6nnen Sie Ihre Cookie-Einstellungen \u00e4ndern. Diese Einstellungen finden Sie normalerweise im Men\u00fc &#8222;Optionen&#8220; oder &#8222;Einstellungen&#8220; Ihres Browsers. Sie k\u00f6nnen auch Ihren Browser oder E-Mail-Manager konfigurieren und kostenlose Plug-ins installieren, um zu verhindern, dass Web Bugs heruntergeladen werden, wenn Sie eine E-Mail \u00f6ffnen.<\/p>\n<p>Die Website bietet dem Nutzer eine Anleitung, wie er auf das Men\u00fc zur Konfiguration der Cookies und gegebenenfalls des privaten Surfens in jedem der wichtigsten Browser zugreifen kann:<\/p>\n<ul>\n<li>Internet Explorer: Werkzeuge &#8211; &gt; Internet Optionen &#8211; &gt; Datenschutz &#8211; &gt; Konfiguration.<\/li>\n<li>Weitere Informationen erhalten Sie beim Microsoft-Support oder in der Browser-Hilfe.<\/li>\n<li>Firefox: Werkzeuge &#8211; &gt; Optionen &#8211; &gt; Datenschutz &#8211; &gt; Geschichte &#8211; &gt; Konfiguration Personalisierte.<\/li>\n<li>Chrome: Konfiguration &#8211; &gt; Erweiterte Optionen anzeigen -&gt; Datenschutz &#8211; &gt; Inhaltliche Gestaltung.<\/li>\n<li>Safari: Pr\u00e4ferenzen &#8211; &gt; Pr\u00e4ferenzen .<\/li>\n<li>F\u00fcr weitere Informationen k\u00f6nnen Sie den Apple-Support oder die Browser-Hilfe konsultieren.<\/li>\n<\/ul>\n<h3>5) Kann die Cookie-Richtlinie ge\u00e4ndert werden?<\/h3>\n<p>Die Website kann diese Cookies-Politik in \u00dcbereinstimmung mit gesetzlichen oder beh\u00f6rdlichen Anforderungen oder zur Anpassung an die von der spanischen Datenschutzbeh\u00f6rde herausgegebenen Anweisungen \u00e4ndern, weshalb den Benutzern empfohlen wird, sie regelm\u00e4\u00dfig zu besuchen.<\/p>\n<p>Wenn wesentliche \u00c4nderungen an dieser Cookie-Politik vorgenommen werden, werden sie den Nutzern entweder \u00fcber die Website oder per E-Mail an registrierte Nutzer mitgeteilt.<\/p>\n\t\t\t\t\t\t\t\t<\/div>\n\t\t\t\t<\/div>\n\t\t\t\t\t<\/div>\n\t\t<\/div>\n\t\t\t\t\t<\/div>\n\t\t<\/section>\n\t\t\t\t<\/div>\n\t\t","protected":false},"excerpt":{"rendered":"<p>Cookie-Richtlinie 1. Was sind Cookies? Die Website von IMAGINA INGENIO S.L. (nachstehend die Website) verwendet Cookies. Cookies sind Dateien, die von einem Webserver an einen Browser gesendet werden, um die Aktivit\u00e4ten des Nutzers auf einer bestimmten Website aufzuzeichnen. Der Hauptzweck von Cookies besteht darin, dem Nutzer einen schnelleren Zugang zu den ausgew\u00e4hlten Diensten zu erm\u00f6glichen. [&hellip;]<\/p>\n","protected":false},"author":1,"featured_media":0,"parent":0,"menu_order":0,"comment_status":"closed","ping_status":"closed","template":"","meta":{"footnotes":""},"class_list":["post-1710","page","type-page","status-publish","hentry"],"yoast_head":"<!-- This site is optimized with the Yoast SEO plugin v26.4 - https:\/\/yoast.com\/wordpress\/plugins\/seo\/ -->\n<title>Cookie-Richtlinie - Imagina Ingenio<\/title>\n<meta name=\"robots\" content=\"index, follow, max-snippet:-1, max-image-preview:large, max-video-preview:-1\" \/>\n<link rel=\"canonical\" href=\"https:\/\/www.imaginaingenio.com\/de\/cookie-richtlinie\/\" \/>\n<meta property=\"og:locale\" content=\"de_DE\" \/>\n<meta property=\"og:type\" content=\"article\" \/>\n<meta property=\"og:title\" content=\"Cookie-Richtlinie - Imagina Ingenio\" \/>\n<meta property=\"og:description\" content=\"Cookie-Richtlinie 1. Was sind Cookies? Die Website von IMAGINA INGENIO S.L. (nachstehend die Website) verwendet Cookies. Cookies sind Dateien, die von einem Webserver an einen Browser gesendet werden, um die Aktivit\u00e4ten des Nutzers auf einer bestimmten Website aufzuzeichnen. Der Hauptzweck von Cookies besteht darin, dem Nutzer einen schnelleren Zugang zu den ausgew\u00e4hlten Diensten zu erm\u00f6glichen. [&hellip;]\" \/>\n<meta property=\"og:url\" content=\"https:\/\/www.imaginaingenio.com\/de\/cookie-richtlinie\/\" \/>\n<meta property=\"og:site_name\" content=\"Imagina Ingenio\" \/>\n<meta property=\"article:publisher\" content=\"https:\/\/www.facebook.com\/imaginaingenio\/\" \/>\n<meta property=\"article:modified_time\" content=\"2022-10-18T12:37:46+00:00\" \/>\n<meta name=\"twitter:card\" content=\"summary_large_image\" \/>\n<meta name=\"twitter:label1\" content=\"Gesch\u00e4tzte Lesezeit\" \/>\n\t<meta name=\"twitter:data1\" content=\"6\u00a0Minuten\" \/>\n<script type=\"application\/ld+json\" class=\"yoast-schema-graph\">{\"@context\":\"https:\/\/schema.org\",\"@graph\":[{\"@type\":\"WebPage\",\"@id\":\"https:\/\/www.imaginaingenio.com\/de\/cookie-richtlinie\/\",\"url\":\"https:\/\/www.imaginaingenio.com\/de\/cookie-richtlinie\/\",\"name\":\"Cookie-Richtlinie - Imagina Ingenio\",\"isPartOf\":{\"@id\":\"https:\/\/www.imaginaingenio.com\/de\/#website\"},\"datePublished\":\"2022-10-14T07:01:05+00:00\",\"dateModified\":\"2022-10-18T12:37:46+00:00\",\"breadcrumb\":{\"@id\":\"https:\/\/www.imaginaingenio.com\/de\/cookie-richtlinie\/#breadcrumb\"},\"inLanguage\":\"de\",\"potentialAction\":[{\"@type\":\"ReadAction\",\"target\":[\"https:\/\/www.imaginaingenio.com\/de\/cookie-richtlinie\/\"]}]},{\"@type\":\"BreadcrumbList\",\"@id\":\"https:\/\/www.imaginaingenio.com\/de\/cookie-richtlinie\/#breadcrumb\",\"itemListElement\":[{\"@type\":\"ListItem\",\"position\":1,\"name\":\"Portada\",\"item\":\"https:\/\/www.imaginaingenio.com\/de\/\"},{\"@type\":\"ListItem\",\"position\":2,\"name\":\"Cookie-Richtlinie\"}]},{\"@type\":\"WebSite\",\"@id\":\"https:\/\/www.imaginaingenio.com\/de\/#website\",\"url\":\"https:\/\/www.imaginaingenio.com\/de\/\",\"name\":\"Imagina Ingenio\",\"description\":\"Desarrollo de software y hardware\",\"publisher\":{\"@id\":\"https:\/\/www.imaginaingenio.com\/de\/#organization\"},\"potentialAction\":[{\"@type\":\"SearchAction\",\"target\":{\"@type\":\"EntryPoint\",\"urlTemplate\":\"https:\/\/www.imaginaingenio.com\/de\/?s={search_term_string}\"},\"query-input\":{\"@type\":\"PropertyValueSpecification\",\"valueRequired\":true,\"valueName\":\"search_term_string\"}}],\"inLanguage\":\"de\"},{\"@type\":\"Organization\",\"@id\":\"https:\/\/www.imaginaingenio.com\/de\/#organization\",\"name\":\"Imagina Ingenio\",\"url\":\"https:\/\/www.imaginaingenio.com\/de\/\",\"logo\":{\"@type\":\"ImageObject\",\"inLanguage\":\"de\",\"@id\":\"https:\/\/www.imaginaingenio.com\/de\/#\/schema\/logo\/image\/\",\"url\":\"\",\"contentUrl\":\"\",\"caption\":\"Imagina Ingenio\"},\"image\":{\"@id\":\"https:\/\/www.imaginaingenio.com\/de\/#\/schema\/logo\/image\/\"},\"sameAs\":[\"https:\/\/www.facebook.com\/imaginaingenio\/\",\"https:\/\/es.linkedin.com\/company\/imaginaingenio\"]}]}<\/script>\n<!-- \/ Yoast SEO plugin. -->","yoast_head_json":{"title":"Cookie-Richtlinie - Imagina Ingenio","robots":{"index":"index","follow":"follow","max-snippet":"max-snippet:-1","max-image-preview":"max-image-preview:large","max-video-preview":"max-video-preview:-1"},"canonical":"https:\/\/www.imaginaingenio.com\/de\/cookie-richtlinie\/","og_locale":"de_DE","og_type":"article","og_title":"Cookie-Richtlinie - Imagina Ingenio","og_description":"Cookie-Richtlinie 1. Was sind Cookies? Die Website von IMAGINA INGENIO S.L. (nachstehend die Website) verwendet Cookies. Cookies sind Dateien, die von einem Webserver an einen Browser gesendet werden, um die Aktivit\u00e4ten des Nutzers auf einer bestimmten Website aufzuzeichnen. Der Hauptzweck von Cookies besteht darin, dem Nutzer einen schnelleren Zugang zu den ausgew\u00e4hlten Diensten zu erm\u00f6glichen. [&hellip;]","og_url":"https:\/\/www.imaginaingenio.com\/de\/cookie-richtlinie\/","og_site_name":"Imagina Ingenio","article_publisher":"https:\/\/www.facebook.com\/imaginaingenio\/","article_modified_time":"2022-10-18T12:37:46+00:00","twitter_card":"summary_large_image","twitter_misc":{"Gesch\u00e4tzte Lesezeit":"6\u00a0Minuten"},"schema":{"@context":"https:\/\/schema.org","@graph":[{"@type":"WebPage","@id":"https:\/\/www.imaginaingenio.com\/de\/cookie-richtlinie\/","url":"https:\/\/www.imaginaingenio.com\/de\/cookie-richtlinie\/","name":"Cookie-Richtlinie - Imagina Ingenio","isPartOf":{"@id":"https:\/\/www.imaginaingenio.com\/de\/#website"},"datePublished":"2022-10-14T07:01:05+00:00","dateModified":"2022-10-18T12:37:46+00:00","breadcrumb":{"@id":"https:\/\/www.imaginaingenio.com\/de\/cookie-richtlinie\/#breadcrumb"},"inLanguage":"de","potentialAction":[{"@type":"ReadAction","target":["https:\/\/www.imaginaingenio.com\/de\/cookie-richtlinie\/"]}]},{"@type":"BreadcrumbList","@id":"https:\/\/www.imaginaingenio.com\/de\/cookie-richtlinie\/#breadcrumb","itemListElement":[{"@type":"ListItem","position":1,"name":"Portada","item":"https:\/\/www.imaginaingenio.com\/de\/"},{"@type":"ListItem","position":2,"name":"Cookie-Richtlinie"}]},{"@type":"WebSite","@id":"https:\/\/www.imaginaingenio.com\/de\/#website","url":"https:\/\/www.imaginaingenio.com\/de\/","name":"Imagina Ingenio","description":"Desarrollo de software y hardware","publisher":{"@id":"https:\/\/www.imaginaingenio.com\/de\/#organization"},"potentialAction":[{"@type":"SearchAction","target":{"@type":"EntryPoint","urlTemplate":"https:\/\/www.imaginaingenio.com\/de\/?s={search_term_string}"},"query-input":{"@type":"PropertyValueSpecification","valueRequired":true,"valueName":"search_term_string"}}],"inLanguage":"de"},{"@type":"Organization","@id":"https:\/\/www.imaginaingenio.com\/de\/#organization","name":"Imagina Ingenio","url":"https:\/\/www.imaginaingenio.com\/de\/","logo":{"@type":"ImageObject","inLanguage":"de","@id":"https:\/\/www.imaginaingenio.com\/de\/#\/schema\/logo\/image\/","url":"","contentUrl":"","caption":"Imagina Ingenio"},"image":{"@id":"https:\/\/www.imaginaingenio.com\/de\/#\/schema\/logo\/image\/"},"sameAs":["https:\/\/www.facebook.com\/imaginaingenio\/","https:\/\/es.linkedin.com\/company\/imaginaingenio"]}]}},"_links":{"self":[{"href":"https:\/\/www.imaginaingenio.com\/de\/wp-json\/wp\/v2\/pages\/1710","targetHints":{"allow":["GET"]}}],"collection":[{"href":"https:\/\/www.imaginaingenio.com\/de\/wp-json\/wp\/v2\/pages"}],"about":[{"href":"https:\/\/www.imaginaingenio.com\/de\/wp-json\/wp\/v2\/types\/page"}],"author":[{"embeddable":true,"href":"https:\/\/www.imaginaingenio.com\/de\/wp-json\/wp\/v2\/users\/1"}],"replies":[{"embeddable":true,"href":"https:\/\/www.imaginaingenio.com\/de\/wp-json\/wp\/v2\/comments?post=1710"}],"version-history":[{"count":1,"href":"https:\/\/www.imaginaingenio.com\/de\/wp-json\/wp\/v2\/pages\/1710\/revisions"}],"predecessor-version":[{"id":1711,"href":"https:\/\/www.imaginaingenio.com\/de\/wp-json\/wp\/v2\/pages\/1710\/revisions\/1711"}],"wp:attachment":[{"href":"https:\/\/www.imaginaingenio.com\/de\/wp-json\/wp\/v2\/media?parent=1710"}],"curies":[{"name":"wp","href":"https:\/\/api.w.org\/{rel}","templated":true}]}}